{"id":31099,"date":"2019-09-18T10:50:42","date_gmt":"2019-09-18T17:50:42","guid":{"rendered":"https:\/\/kidstarnutrients.com\/ingredients-matter\/star-ingredients-copy\/"},"modified":"2024-02-23T10:21:21","modified_gmt":"2024-02-23T18:21:21","slug":"huile-tcm","status":"publish","type":"page","link":"https:\/\/kidstarnutrients.com\/fr\/ingredients-matter\/star-ingredients\/mct-oil\/","title":{"rendered":"Huile TCM"},"content":{"rendered":"<p>[et_pb_section fb_built=&#8221;1&#8243; _builder_version=&#8221;4.16&#8243; custom_padding=&#8221;11px|||||&#8221; global_colors_info=&#8221;{}&#8221;][et_pb_row _builder_version=&#8221;4.16&#8243; global_colors_info=&#8221;{}&#8221;][et_pb_column type=&#8221;4_4&#8243; _builder_version=&#8221;4.16&#8243; custom_padding=&#8221;|||&#8221; global_colors_info=&#8221;{}&#8221; custom_padding__hover=&#8221;|||&#8221;][et_pb_text _builder_version=&#8221;4.16&#8243; header_font=&#8221;||||||||&#8221; header_text_align=&#8221;center&#8221; background_image=&#8221;\/wp-content\/uploads\/2019\/09\/yellow-star.png&#8221; background_size=&#8221;contain&#8221; global_colors_info=&#8221;{}&#8221;]<\/p>\n<h1>MCT Oil<\/h1>\n<p>[\/et_pb_text][\/et_pb_column][\/et_pb_row][et_pb_row column_structure=&#8221;1_4,3_4&#8243; _builder_version=&#8221;4.16&#8243; custom_padding=&#8221;0px||0px||false|false&#8221; global_colors_info=&#8221;{}&#8221;][et_pb_column type=&#8221;1_4&#8243; _builder_version=&#8221;4.16&#8243; global_colors_info=&#8221;{}&#8221;][et_pb_image src=&#8221;\/wp-content\/uploads\/2019\/10\/mct-oil-coconut.jpg&#8221; alt=&#8221;coconuts with clear glass bottle of coconut oil or MCT medium chain triglycerides oil&#8221; _builder_version=&#8221;4.16&#8243; border_radii=&#8221;on|30px|30px|30px|30px&#8221; global_colors_info=&#8221;{}&#8221;][\/et_pb_image][\/et_pb_column][et_pb_column type=&#8221;3_4&#8243; _builder_version=&#8221;4.16&#8243; global_colors_info=&#8221;{}&#8221;][et_pb_text _builder_version=&#8221;4.16&#8243; global_colors_info=&#8221;{}&#8221;]<\/p>\n<p>MCTs are medium-chain triglyceride fatty acids found in coconut oil, palm kernel oil, and some dairy products like goat milk.<\/p>\n<p>MCTs are metabolized differently in the body than other fats. MCTs are easily digested. MCTS do not require bile acids to be broken down and they go directly to the liver making them a quick source of energy for the body. Unlike other fats, which take much longer to process, MCTs are not stored as fat.<\/p>\n<p>MCTs can be turned into ketones which can cross the blood brain barrier and be used as a rapid energy source for the brain.<\/p>\n<p>MCT oil is safe for use in children with autism and epilepsy. For both conditions, a therapeutic MCT diet has been shown to improve symptoms. The ketogenic\/MCT diet used for children with epilepsy is not the same as ketogenic diets promoted for weight loss in adults.\u00a0 MCT diets for kids with autism or epilepsy should be followed under the guidance of a dietitian or doctor.<\/p>\n<p>MCT oil is also used as a source of calories for children with liver disease and infection and for children who have reduced small intestine surface areas to help ensure adequate caloric intake.\u00a0MCT oil contains caprylic acid, a medium chain fatty acid that has been shown to help lower the risk of antibiotic resistance and soothe inflammatory bowel diseases like colitis and Crohn\u2019s.<\/p>\n<p>[\/et_pb_text][\/et_pb_column][\/et_pb_row][et_pb_row _builder_version=&#8221;4.16&#8243; global_colors_info=&#8221;{}&#8221;][et_pb_column type=&#8221;4_4&#8243; _builder_version=&#8221;4.16&#8243; global_colors_info=&#8221;{}&#8221;][et_pb_divider color=&#8221;#e63888&#8243; divider_position=&#8221;center&#8221; divider_weight=&#8221;3px&#8221; _builder_version=&#8221;4.16&#8243; global_colors_info=&#8221;{}&#8221;][\/et_pb_divider][\/et_pb_column][\/et_pb_row][et_pb_row column_structure=&#8221;1_4,3_4&#8243; _builder_version=&#8221;4.16&#8243; custom_padding=&#8221;0px||0px||false|false&#8221; global_colors_info=&#8221;{}&#8221;][et_pb_column type=&#8221;1_4&#8243; _builder_version=&#8221;4.16&#8243; global_colors_info=&#8221;{}&#8221;][et_pb_text _builder_version=&#8221;4.16&#8243; custom_margin=&#8221;|-2px||||&#8221; custom_padding=&#8221;|||10px|false|false&#8221; global_colors_info=&#8221;{}&#8221;]<\/p>\n<h2>Why We Use MCT<\/h2>\n<p>[\/et_pb_text][\/et_pb_column][et_pb_column type=&#8221;3_4&#8243; _builder_version=&#8221;4.16&#8243; global_colors_info=&#8221;{}&#8221;][et_pb_text _builder_version=&#8221;4.16&#8243; global_colors_info=&#8221;{}&#8221;]<\/p>\n<p>We chose MCT oil as the liquid delivery system for our\u00a0<a href=\"https:\/\/kidstarnutrients.com\/product\/biofe-pure-iron-drops\/\" target=\"_blank\" rel=\"noopener noreferrer\">BioFe Pure Iron Drops<\/a> because we wanted a good fatty acid with all the added health benefits mentioned above.\u00a0 \u00a0<\/p>\n<p>[\/et_pb_text][\/et_pb_column][\/et_pb_row][et_pb_row _builder_version=&#8221;4.16&#8243; global_colors_info=&#8221;{}&#8221;][et_pb_column type=&#8221;4_4&#8243; _builder_version=&#8221;4.16&#8243; global_colors_info=&#8221;{}&#8221;][et_pb_divider color=&#8221;#e63888&#8243; divider_position=&#8221;center&#8221; divider_weight=&#8221;3px&#8221; _builder_version=&#8221;4.16&#8243; global_colors_info=&#8221;{}&#8221;][\/et_pb_divider][\/et_pb_column][\/et_pb_row][et_pb_row column_structure=&#8221;1_4,3_4&#8243; _builder_version=&#8221;4.24.1&#8243; custom_padding=&#8221;0px||0px||false|false&#8221; hover_enabled=&#8221;0&#8243; global_colors_info=&#8221;{}&#8221; display_conditions=&#8221;W3siaWQiOiI3OGRkMDA2ZS1kOTA0LTQ3MDAtOWNlMi00N2FkYTkwN2I4NjgiLCJjb25kaXRpb24iOiJjb29raWUiLCJjb25kaXRpb25TZXR0aW5ncyI6eyJkaXNwbGF5UnVsZSI6ImNvb2tpZVZhbHVlRG9lc05vdEVxdWFsIiwiY29va2llTmFtZSI6InRycF9sYW5ndWFnZSIsImNvb2tpZVZhbHVlIjoiZW5fVVMiLCJhZG1pbkxhYmVsIjoiQ29va2llIiwiZW5hYmxlQ29uZGl0aW9uIjoib24ifSwib3BlcmF0b3IiOiJPUiJ9XQ==&#8221; sticky_enabled=&#8221;0&#8243;][et_pb_column type=&#8221;1_4&#8243; _builder_version=&#8221;4.16&#8243; global_colors_info=&#8221;{}&#8221;][et_pb_text _builder_version=&#8221;4.16&#8243; custom_margin=&#8221;|-2px||||&#8221; custom_padding=&#8221;|||10px|false|false&#8221; global_colors_info=&#8221;{}&#8221;]<\/p>\n<h2>Where It Is Used<\/h2>\n<p>[\/et_pb_text][\/et_pb_column][et_pb_column type=&#8221;3_4&#8243; _builder_version=&#8221;4.16&#8243; global_colors_info=&#8221;{}&#8221;][et_pb_text _builder_version=&#8221;4.16&#8243; global_colors_info=&#8221;{}&#8221;]<\/p>\n<p><a href=\"https:\/\/kidstarnutrients.com\/product\/biofe-pure-iron-drops\/\" target=\"_blank\" rel=\"noopener noreferrer\">BioFe\u2122 Pure Iron Drops<\/a><\/p>\n<p><a href=\"https:\/\/kidstarnutrients.com\/product\/vitamin-d3-spray\/\" target=\"_blank\" rel=\"noopener noreferrer\">Vitamin D3 Spray<\/a><\/p>\n<p>[\/et_pb_text][\/et_pb_column][\/et_pb_row][et_pb_row column_structure=&#8221;1_4,3_4&#8243; _builder_version=&#8221;4.24.1&#8243; custom_padding=&#8221;0px||0px||false|false&#8221; hover_enabled=&#8221;0&#8243; global_colors_info=&#8221;{}&#8221; display_conditions=&#8221;W3siaWQiOiI4YjBkZmNhZi1hYjdhLTQ2YTMtYTdlYy1jYzk5NmQ3NjNiODkiLCJjb25kaXRpb24iOiJjb29raWUiLCJjb25kaXRpb25TZXR0aW5ncyI6eyJkaXNwbGF5UnVsZSI6ImNvb2tpZVZhbHVlRXF1YWxzIiwiY29va2llTmFtZSI6InRycF9sYW5ndWFnZSIsImNvb2tpZVZhbHVlIjoiZW5fVVMiLCJhZG1pbkxhYmVsIjoiQ29va2llIiwiZW5hYmxlQ29uZGl0aW9uIjoib24ifSwib3BlcmF0b3IiOiJPUiJ9XQ==&#8221; sticky_enabled=&#8221;0&#8243;][et_pb_column type=&#8221;1_4&#8243; _builder_version=&#8221;4.16&#8243; global_colors_info=&#8221;{}&#8221;][et_pb_text _builder_version=&#8221;4.16&#8243; custom_margin=&#8221;|-2px||||&#8221; custom_padding=&#8221;|||10px|false|false&#8221; global_colors_info=&#8221;{}&#8221;]<\/p>\n<h2>Where It Is Used<\/h2>\n<p>[\/et_pb_text][\/et_pb_column][et_pb_column type=&#8221;3_4&#8243; _builder_version=&#8221;4.16&#8243; global_colors_info=&#8221;{}&#8221;][et_pb_text _builder_version=&#8221;4.24.1&#8243; hover_enabled=&#8221;0&#8243; global_colors_info=&#8221;{}&#8221; sticky_enabled=&#8221;0&#8243;]<\/p>\n<p><a href=\"https:\/\/kidstarnutrients.com\/product\/vitamin-d3-spray\/\" target=\"_blank\" rel=\"noopener noreferrer\">Vitamin D3 Spray<\/a><\/p>\n<p>[\/et_pb_text][\/et_pb_column][\/et_pb_row][et_pb_row _builder_version=&#8221;4.16&#8243; global_colors_info=&#8221;{}&#8221;][et_pb_column type=&#8221;4_4&#8243; _builder_version=&#8221;4.16&#8243; global_colors_info=&#8221;{}&#8221;][et_pb_divider color=&#8221;#e63888&#8243; divider_position=&#8221;center&#8221; divider_weight=&#8221;3px&#8221; _builder_version=&#8221;4.16&#8243; global_colors_info=&#8221;{}&#8221;][\/et_pb_divider][\/et_pb_column][\/et_pb_row][et_pb_row column_structure=&#8221;1_4,3_4&#8243; _builder_version=&#8221;4.16&#8243; custom_padding=&#8221;0px||0px||false|false&#8221; global_colors_info=&#8221;{}&#8221;][et_pb_column type=&#8221;1_4&#8243; _builder_version=&#8221;4.16&#8243; global_colors_info=&#8221;{}&#8221;][et_pb_text _builder_version=&#8221;4.16&#8243; custom_margin=&#8221;|-2px||||&#8221; custom_padding=&#8221;|||10px|false|false&#8221; global_colors_info=&#8221;{}&#8221;]<\/p>\n<h2>Research\u00a0<\/h2>\n<p>[\/et_pb_text][\/et_pb_column][et_pb_column type=&#8221;3_4&#8243; _builder_version=&#8221;4.16&#8243; global_colors_info=&#8221;{}&#8221;][et_pb_accordion icon_color=&#8221;#e63888&#8243; use_icon_font_size=&#8221;on&#8221; icon_font_size=&#8221;20px&#8221; _builder_version=&#8221;4.16&#8243; body_line_height=&#8221;1em&#8221; border_radii=&#8221;on|30px|30px|30px|30px&#8221; border_width_all=&#8221;3px&#8221; border_color_all=&#8221;#e63888&#8243; locked=&#8221;off&#8221; global_colors_info=&#8221;{}&#8221;][et_pb_accordion_item title=&#8221;Alzheimer&#8217;s &#8221; open=&#8221;on&#8221; _builder_version=&#8221;4.16&#8243; global_colors_info=&#8221;{}&#8221;]<\/p>\n<p><a href=\"https:\/\/www.ncbi.nlm.nih.gov\/pubmed\/24413538\" target=\"_blank\" rel=\"noopener noreferrer\">https:\/\/www.ncbi.nlm.nih.gov\/pubmed\/24413538<\/a>\u00a0<\/p>\n<p><a href=\"https:\/\/www.ncbi.nlm.nih.gov\/pubmed\/26766547\" target=\"_blank\" rel=\"noopener noreferrer\">https:\/\/www.ncbi.nlm.nih.gov\/pubmed\/26766547<\/a>\u00a0<\/p>\n<p>[\/et_pb_accordion_item][et_pb_accordion_item title=&#8221;Blood Sugar&#8221; _builder_version=&#8221;4.16&#8243; global_colors_info=&#8221;{}&#8221; open=&#8221;off&#8221;]<\/p>\n<p><a href=\"https:\/\/www.ncbi.nlm.nih.gov\/pubmed\/1568535\" target=\"_blank\" rel=\"noopener noreferrer\">https:\/\/www.ncbi.nlm.nih.gov\/pubmed\/1568535<\/a><\/p>\n<p><a href=\"https:\/\/www.ncbi.nlm.nih.gov\/pubmed\/17570262\" target=\"_blank\" rel=\"noopener noreferrer\">https:\/\/www.ncbi.nlm.nih.gov\/pubmed\/17570262<\/a><span style=\"font-size: 18px;\">\u00a0<\/span><\/p>\n<p>[\/et_pb_accordion_item][et_pb_accordion_item title=&#8221;Cholesterol &#8221; _builder_version=&#8221;4.16&#8243; global_colors_info=&#8221;{}&#8221; open=&#8221;off&#8221;]<\/p>\n<p><a href=\"https:\/\/www.ncbi.nlm.nih.gov\/pubmed\/564943\" target=\"_blank\" rel=\"noopener noreferrer\">https:\/\/www.ncbi.nlm.nih.gov\/pubmed\/564943<\/a><\/p>\n<p>[\/et_pb_accordion_item][et_pb_accordion_item title=&#8221;Epilepsy &#8221; _builder_version=&#8221;4.16&#8243; global_colors_info=&#8221;{}&#8221; open=&#8221;off&#8221;]<\/p>\n<p><a href=\"https:\/\/www.aboutkidshealth.ca\/Article?contentid=2100&amp;language=English\" target=\"_blank\" rel=\"noopener noreferrer\">https:\/\/www.aboutkidshealth.ca\/Article?contentid=2100&amp;language=English<\/a><\/p>\n<p><a href=\"https:\/\/www.ncbi.nlm.nih.gov\/pubmed\/19049583\" target=\"_blank\" rel=\"noopener noreferrer\">https:\/\/www.ncbi.nlm.nih.gov\/pubmed\/19049583<\/a>\u00a0<span style=\"font-size: 18px;\">\u00a0<\/span><\/p>\n<p>[\/et_pb_accordion_item][et_pb_accordion_item title=&#8221;MCTs and Children&#8217;s Health &#8221; _builder_version=&#8221;4.16&#8243; link_option_url=&#8221;https:\/\/www.ncbi.nlm.nih.gov\/pubmed\/17570262&#8243; link_option_url_new_window=&#8221;on&#8221; global_colors_info=&#8221;{}&#8221; open=&#8221;off&#8221;]<\/p>\n<p><a href=\"https:\/\/www.ncbi.nlm.nih.gov\/pubmed\/17570262\" target=\"_blank\" rel=\"noopener noreferrer\">https:\/\/www.ncbi.nlm.nih.gov\/pubmed\/17570262<\/a><\/p>\n<p>[\/et_pb_accordion_item][\/et_pb_accordion][\/et_pb_column][\/et_pb_row][\/et_pb_section]<\/p>\n","protected":false},"excerpt":{"rendered":"<p>MCT OilMCTs are medium-chain triglyceride fatty acids found in coconut oil, palm kernel oil, and some dairy products like goat milk. MCTs are metabolized differently in the body than other [&hellip;]<\/p>\n","protected":false},"author":6,"featured_media":0,"parent":31031,"menu_order":0,"comment_status":"closed","ping_status":"closed","template":"","meta":{"_et_pb_use_builder":"on","_et_pb_old_content":"","_et_gb_content_width":"","footnotes":""},"class_list":["post-31099","page","type-page","status-publish","hentry"],"yoast_head":"<!-- This site is optimized with the Yoast SEO plugin v27.3 - https:\/\/yoast.com\/product\/yoast-seo-wordpress\/ -->\n<title>MCT Oil | Health Benefits for Children | KidStar Nutrients<\/title>\n<meta name=\"description\" content=\"MCT oil is easily digestible and safe for use in children with autism and epilepsy. MCTs have many health benefits for children.\" \/>\n<meta name=\"robots\" content=\"index, follow, max-snippet:-1, max-image-preview:large, max-video-preview:-1\" \/>\n<link rel=\"canonical\" href=\"https:\/\/kidstarnutrients.com\/fr\/les-ingredients-comptent\/ingredients-vedettes\/huile-tcm\/\" \/>\n<meta property=\"og:locale\" content=\"fr_CA\" \/>\n<meta property=\"og:type\" content=\"article\" \/>\n<meta property=\"og:title\" content=\"MCT Oil | Health Benefits for Children | KidStar Nutrients\" \/>\n<meta property=\"og:description\" content=\"MCT oil is easily digestible and safe for use in children with autism and epilepsy. MCTs have many health benefits for children.\" \/>\n<meta property=\"og:url\" content=\"https:\/\/kidstarnutrients.com\/fr\/les-ingredients-comptent\/ingredients-vedettes\/huile-tcm\/\" \/>\n<meta property=\"og:site_name\" content=\"KidStar Nutrients\" \/>\n<meta property=\"article:publisher\" content=\"https:\/\/www.facebook.com\/KidStarNutrients\/\" \/>\n<meta property=\"article:modified_time\" content=\"2024-02-23T18:21:21+00:00\" \/>\n<meta property=\"og:image\" content=\"https:\/\/kidstarnutrients.com\/wp-content\/uploads\/2020\/02\/facebook-link-preview-image-with-text.jpg\" \/>\n\t<meta property=\"og:image:width\" content=\"560\" \/>\n\t<meta property=\"og:image:height\" content=\"292\" \/>\n\t<meta property=\"og:image:type\" content=\"image\/jpeg\" \/>\n<meta name=\"twitter:card\" content=\"summary_large_image\" \/>\n<meta name=\"twitter:label1\" content=\"Estimation du temps de lecture\" \/>\n\t<meta name=\"twitter:data1\" content=\"6 minutes\" \/>\n<script type=\"application\/ld+json\" class=\"yoast-schema-graph\">{\"@context\":\"https:\\\/\\\/schema.org\",\"@graph\":[{\"@type\":\"WebPage\",\"@id\":\"https:\\\/\\\/kidstarnutrients.com\\\/ingredients-matter\\\/star-ingredients\\\/mct-oil\\\/\",\"url\":\"https:\\\/\\\/kidstarnutrients.com\\\/ingredients-matter\\\/star-ingredients\\\/mct-oil\\\/\",\"name\":\"MCT Oil | Health Benefits for Children | KidStar Nutrients\",\"isPartOf\":{\"@id\":\"https:\\\/\\\/kidstarnutrients.com\\\/#website\"},\"datePublished\":\"2019-09-18T17:50:42+00:00\",\"dateModified\":\"2024-02-23T18:21:21+00:00\",\"description\":\"MCT oil is easily digestible and safe for use in children with autism and epilepsy. MCTs have many health benefits for children.\",\"breadcrumb\":{\"@id\":\"https:\\\/\\\/kidstarnutrients.com\\\/ingredients-matter\\\/star-ingredients\\\/mct-oil\\\/#breadcrumb\"},\"inLanguage\":\"fr-CA\",\"potentialAction\":[{\"@type\":\"ReadAction\",\"target\":[\"https:\\\/\\\/kidstarnutrients.com\\\/ingredients-matter\\\/star-ingredients\\\/mct-oil\\\/\"]}]},{\"@type\":\"BreadcrumbList\",\"@id\":\"https:\\\/\\\/kidstarnutrients.com\\\/ingredients-matter\\\/star-ingredients\\\/mct-oil\\\/#breadcrumb\",\"itemListElement\":[{\"@type\":\"ListItem\",\"position\":1,\"name\":\"Home\",\"item\":\"https:\\\/\\\/kidstarnutrients.com\\\/\"},{\"@type\":\"ListItem\",\"position\":2,\"name\":\"Ingredients Matter\",\"item\":\"https:\\\/\\\/kidstarnutrients.com\\\/ingredients-matter\\\/\"},{\"@type\":\"ListItem\",\"position\":3,\"name\":\"Star Ingredients\",\"item\":\"https:\\\/\\\/kidstarnutrients.com\\\/ingredients-matter\\\/star-ingredients\\\/\"},{\"@type\":\"ListItem\",\"position\":4,\"name\":\"MCT Oil\"}]},{\"@type\":\"WebSite\",\"@id\":\"https:\\\/\\\/kidstarnutrients.com\\\/#website\",\"url\":\"https:\\\/\\\/kidstarnutrients.com\\\/\",\"name\":\"KidStar Nutrients\",\"description\":\"\",\"potentialAction\":[{\"@type\":\"SearchAction\",\"target\":{\"@type\":\"EntryPoint\",\"urlTemplate\":\"https:\\\/\\\/kidstarnutrients.com\\\/?s={search_term_string}\"},\"query-input\":{\"@type\":\"PropertyValueSpecification\",\"valueRequired\":true,\"valueName\":\"search_term_string\"}}],\"inLanguage\":\"fr-CA\"}]}<\/script>\n<!-- \/ Yoast SEO plugin. -->","yoast_head_json":{"title":"Huile MCT | Avantages pour la sant\u00e9 des enfants | Nutriments KidStar","description":"L\u2019huile MCT est facilement digestible et peut \u00eatre utilis\u00e9e sans danger chez les enfants atteints d\u2019autisme et d\u2019\u00e9pilepsie. Les MCT pr\u00e9sentent de nombreux avantages pour la sant\u00e9 des enfants.","robots":{"index":"index","follow":"follow","max-snippet":"max-snippet:-1","max-image-preview":"max-image-preview:large","max-video-preview":"max-video-preview:-1"},"canonical":"https:\/\/kidstarnutrients.com\/fr\/les-ingredients-comptent\/ingredients-vedettes\/huile-tcm\/","og_locale":"fr_CA","og_type":"article","og_title":"MCT Oil | Health Benefits for Children | KidStar Nutrients","og_description":"MCT oil is easily digestible and safe for use in children with autism and epilepsy. MCTs have many health benefits for children.","og_url":"https:\/\/kidstarnutrients.com\/fr\/les-ingredients-comptent\/ingredients-vedettes\/huile-tcm\/","og_site_name":"KidStar Nutrients","article_publisher":"https:\/\/www.facebook.com\/KidStarNutrients\/","article_modified_time":"2024-02-23T18:21:21+00:00","og_image":[{"width":560,"height":292,"url":"https:\/\/kidstarnutrients.com\/wp-content\/uploads\/2020\/02\/facebook-link-preview-image-with-text.jpg","type":"image\/jpeg"}],"twitter_card":"summary_large_image","twitter_misc":{"Estimation du temps de lecture":"6 minutes"},"schema":{"@context":"https:\/\/schema.org","@graph":[{"@type":"WebPage","@id":"https:\/\/kidstarnutrients.com\/ingredients-matter\/star-ingredients\/mct-oil\/","url":"https:\/\/kidstarnutrients.com\/ingredients-matter\/star-ingredients\/mct-oil\/","name":"Huile MCT | Avantages pour la sant\u00e9 des enfants | Nutriments KidStar","isPartOf":{"@id":"https:\/\/kidstarnutrients.com\/#website"},"datePublished":"2019-09-18T17:50:42+00:00","dateModified":"2024-02-23T18:21:21+00:00","description":"L\u2019huile MCT est facilement digestible et peut \u00eatre utilis\u00e9e sans danger chez les enfants atteints d\u2019autisme et d\u2019\u00e9pilepsie. Les MCT pr\u00e9sentent de nombreux avantages pour la sant\u00e9 des enfants.","breadcrumb":{"@id":"https:\/\/kidstarnutrients.com\/ingredients-matter\/star-ingredients\/mct-oil\/#breadcrumb"},"inLanguage":"fr-CA","potentialAction":[{"@type":"ReadAction","target":["https:\/\/kidstarnutrients.com\/ingredients-matter\/star-ingredients\/mct-oil\/"]}]},{"@type":"BreadcrumbList","@id":"https:\/\/kidstarnutrients.com\/ingredients-matter\/star-ingredients\/mct-oil\/#breadcrumb","itemListElement":[{"@type":"ListItem","position":1,"name":"Home","item":"https:\/\/kidstarnutrients.com\/"},{"@type":"ListItem","position":2,"name":"Ingredients Matter","item":"https:\/\/kidstarnutrients.com\/ingredients-matter\/"},{"@type":"ListItem","position":3,"name":"Star Ingredients","item":"https:\/\/kidstarnutrients.com\/ingredients-matter\/star-ingredients\/"},{"@type":"ListItem","position":4,"name":"MCT Oil"}]},{"@type":"WebSite","@id":"https:\/\/kidstarnutrients.com\/#website","url":"https:\/\/kidstarnutrients.com\/","name":"Nutriments KidStar","description":"","potentialAction":[{"@type":"SearchAction","target":{"@type":"EntryPoint","urlTemplate":"https:\/\/kidstarnutrients.com\/?s={search_term_string}"},"query-input":{"@type":"PropertyValueSpecification","valueRequired":true,"valueName":"search_term_string"}}],"inLanguage":"fr-CA"}]}},"_links":{"self":[{"href":"https:\/\/kidstarnutrients.com\/fr\/wp-json\/wp\/v2\/pages\/31099","targetHints":{"allow":["GET"]}}],"collection":[{"href":"https:\/\/kidstarnutrients.com\/fr\/wp-json\/wp\/v2\/pages"}],"about":[{"href":"https:\/\/kidstarnutrients.com\/fr\/wp-json\/wp\/v2\/types\/page"}],"author":[{"embeddable":true,"href":"https:\/\/kidstarnutrients.com\/fr\/wp-json\/wp\/v2\/users\/6"}],"replies":[{"embeddable":true,"href":"https:\/\/kidstarnutrients.com\/fr\/wp-json\/wp\/v2\/comments?post=31099"}],"version-history":[{"count":0,"href":"https:\/\/kidstarnutrients.com\/fr\/wp-json\/wp\/v2\/pages\/31099\/revisions"}],"up":[{"embeddable":true,"href":"https:\/\/kidstarnutrients.com\/fr\/wp-json\/wp\/v2\/pages\/31031"}],"wp:attachment":[{"href":"https:\/\/kidstarnutrients.com\/fr\/wp-json\/wp\/v2\/media?parent=31099"}],"curies":[{"name":"wp","href":"https:\/\/api.w.org\/{rel}","templated":true}]}}