{"id":31134,"date":"2019-09-19T15:02:22","date_gmt":"2019-09-19T22:02:22","guid":{"rendered":"https:\/\/kidstarnutrients.com\/ingredients-matter\/black-hole-ingredients\/sugar-copy\/"},"modified":"2020-05-19T08:38:09","modified_gmt":"2020-05-19T15:38:09","slug":"allergenes-courants","status":"publish","type":"page","link":"https:\/\/kidstarnutrients.com\/fr\/ingredients-matter\/black-hole-ingredients\/common-allergens\/","title":{"rendered":"Allerg\u00e8nes courants"},"content":{"rendered":"<p>[et_pb_section fb_built=&#8221;1&#8243; _builder_version=&#8221;3.23.3&#8243; custom_padding=&#8221;11px|||||&#8221;][et_pb_row _builder_version=&#8221;3.25&#8243;][et_pb_column type=&#8221;4_4&#8243; _builder_version=&#8221;3.25&#8243; custom_padding=&#8221;|||&#8221; custom_padding__hover=&#8221;|||&#8221;][et_pb_text _builder_version=&#8221;3.29.2&#8243; header_font=&#8221;||||||||&#8221; header_text_align=&#8221;center&#8221;]<\/p>\n<h1>Common Allergens<\/h1>\n<p>[\/et_pb_text][\/et_pb_column][\/et_pb_row][et_pb_row column_structure=&#8221;1_4,3_4&#8243; _builder_version=&#8221;3.29.2&#8243; custom_padding=&#8221;0px||0px||false|false&#8221;][et_pb_column type=&#8221;1_4&#8243; _builder_version=&#8221;3.29.2&#8243;][et_pb_image src=&#8221;\/wp-content\/uploads\/2019\/10\/bowl-nuts.jpg&#8221; _builder_version=&#8221;4.2.2&#8243; hover_enabled=&#8221;0&#8243; border_radii=&#8221;on|30px|30px|30px|30px&#8221; alt=&#8221;bowl full of different nuts&#8221;][\/et_pb_image][\/et_pb_column][et_pb_column type=&#8221;3_4&#8243; _builder_version=&#8221;3.29.2&#8243;][et_pb_text _builder_version=&#8221;3.29.2&#8243;]<\/p>\n<p>While some of the foods listed below are healthy and beneficial, they are also common allergens for many people. KidStar\u2122 will not create products with these common allergens because we want all members of the family to be able to enjoy them.<\/p>\n<p>[\/et_pb_text][\/et_pb_column][\/et_pb_row][et_pb_row _builder_version=&#8221;3.29.2&#8243;][et_pb_column type=&#8221;4_4&#8243; _builder_version=&#8221;3.29.2&#8243;][et_pb_divider color=&#8221;#e63888&#8243; divider_position=&#8221;center&#8221; divider_weight=&#8221;3px&#8221; _builder_version=&#8221;3.29.2&#8243;][\/et_pb_divider][\/et_pb_column][\/et_pb_row][et_pb_row column_structure=&#8221;1_4,3_4&#8243; _builder_version=&#8221;3.29.3&#8243; border_width_bottom=&#8221;1px&#8221; border_color_bottom=&#8221;#e63888&#8243; locked=&#8221;off&#8221;][et_pb_column type=&#8221;1_4&#8243; _builder_version=&#8221;3.29.3&#8243;][et_pb_text _builder_version=&#8221;4.0.7&#8243; header_text_align=&#8221;right&#8221; text_orientation=&#8221;right&#8221; custom_padding=&#8221;|||10px|false|false&#8221;]<\/p>\n<p style=\"text-align: left;\"><b>Eggs<\/b><\/p>\n<p>[\/et_pb_text][\/et_pb_column][et_pb_column type=&#8221;3_4&#8243; _builder_version=&#8221;3.29.3&#8243;][et_pb_text _builder_version=&#8221;4.0.7&#8243;]<\/p>\n<p>Common allergen<\/p>\n<p>[\/et_pb_text][\/et_pb_column][\/et_pb_row][et_pb_row column_structure=&#8221;1_4,3_4&#8243; _builder_version=&#8221;3.29.3&#8243; border_width_bottom=&#8221;1px&#8221; border_color_bottom=&#8221;#e63888&#8243; locked=&#8221;off&#8221;][et_pb_column type=&#8221;1_4&#8243; _builder_version=&#8221;3.29.3&#8243;][et_pb_text _builder_version=&#8221;4.0.7&#8243; header_text_align=&#8221;right&#8221; text_orientation=&#8221;right&#8221; custom_padding=&#8221;|||10px|false|false&#8221;]<\/p>\n<p style=\"text-align: left;\"><b>Nuts<\/b><\/p>\n<p>[\/et_pb_text][\/et_pb_column][et_pb_column type=&#8221;3_4&#8243; _builder_version=&#8221;3.29.3&#8243;][et_pb_text _builder_version=&#8221;3.29.3&#8243;]<\/p>\n<p>Common allergen<\/p>\n<p>[\/et_pb_text][\/et_pb_column][\/et_pb_row][et_pb_row column_structure=&#8221;1_4,3_4&#8243; _builder_version=&#8221;3.29.3&#8243; border_width_bottom=&#8221;1px&#8221; border_color_bottom=&#8221;#e63888&#8243; locked=&#8221;off&#8221;][et_pb_column type=&#8221;1_4&#8243; _builder_version=&#8221;3.29.3&#8243;][et_pb_text _builder_version=&#8221;4.0.7&#8243; header_text_align=&#8221;right&#8221; text_orientation=&#8221;right&#8221; custom_padding=&#8221;|||10px|false|false&#8221;]<\/p>\n<p style=\"text-align: left;\"><strong>Wheat<\/strong><\/p>\n<p>[\/et_pb_text][\/et_pb_column][et_pb_column type=&#8221;3_4&#8243; _builder_version=&#8221;3.29.3&#8243;][et_pb_text _builder_version=&#8221;3.29.3&#8243;]<\/p>\n<p>Common allergen<\/p>\n<p>[\/et_pb_text][\/et_pb_column][\/et_pb_row][et_pb_row column_structure=&#8221;1_4,3_4&#8243; _builder_version=&#8221;3.29.3&#8243; border_width_bottom=&#8221;1px&#8221; border_color_bottom=&#8221;#e63888&#8243; locked=&#8221;off&#8221;][et_pb_column type=&#8221;1_4&#8243; _builder_version=&#8221;3.29.3&#8243;][et_pb_text _builder_version=&#8221;4.0.7&#8243; header_text_align=&#8221;right&#8221; text_orientation=&#8221;right&#8221; custom_padding=&#8221;|||10px|false|false&#8221;]<\/p>\n<p style=\"text-align: left;\"><strong>Soy<\/strong><\/p>\n<p>[\/et_pb_text][\/et_pb_column][et_pb_column type=&#8221;3_4&#8243; _builder_version=&#8221;3.29.3&#8243;][et_pb_text _builder_version=&#8221;3.29.3&#8243;]<\/p>\n<p>Common allergen, often GMO<\/p>\n<p>[\/et_pb_text][\/et_pb_column][\/et_pb_row][et_pb_row column_structure=&#8221;1_4,3_4&#8243; _builder_version=&#8221;3.29.3&#8243; border_width_bottom=&#8221;1px&#8221; border_color_bottom=&#8221;#e63888&#8243; locked=&#8221;off&#8221;][et_pb_column type=&#8221;1_4&#8243; _builder_version=&#8221;3.29.3&#8243;][et_pb_text _builder_version=&#8221;4.0.7&#8243; header_text_align=&#8221;right&#8221; text_orientation=&#8221;right&#8221; custom_padding=&#8221;|||10px|false|false&#8221;]<\/p>\n<p style=\"text-align: left;\"><strong>Gluten<\/strong><\/p>\n<p>[\/et_pb_text][\/et_pb_column][et_pb_column type=&#8221;3_4&#8243; _builder_version=&#8221;3.29.3&#8243;][et_pb_text _builder_version=&#8221;4.0.7&#8243;]<\/p>\n<p>Potential allergen<\/p>\n<p>[\/et_pb_text][\/et_pb_column][\/et_pb_row][et_pb_row _builder_version=&#8221;3.29.2&#8243;][et_pb_column type=&#8221;4_4&#8243; _builder_version=&#8221;3.29.2&#8243;][et_pb_divider color=&#8221;#e63888&#8243; divider_position=&#8221;center&#8221; divider_weight=&#8221;3px&#8221; _builder_version=&#8221;3.29.2&#8243;][\/et_pb_divider][\/et_pb_column][\/et_pb_row][et_pb_row column_structure=&#8221;1_4,3_4&#8243; _builder_version=&#8221;3.29.2&#8243; custom_padding=&#8221;0px||0px||false|false&#8221;][et_pb_column type=&#8221;1_4&#8243; _builder_version=&#8221;3.29.2&#8243;][et_pb_text _builder_version=&#8221;3.29.2&#8243; custom_margin=&#8221;|-2px||||&#8221; custom_padding=&#8221;|||10px|false|false&#8221;]<\/p>\n<h2>Research\u00a0<\/h2>\n<p>[\/et_pb_text][\/et_pb_column][et_pb_column type=&#8221;3_4&#8243; _builder_version=&#8221;3.29.2&#8243;][et_pb_accordion icon_color=&#8221;#e63888&#8243; use_icon_font_size=&#8221;on&#8221; icon_font_size=&#8221;20px&#8221; _builder_version=&#8221;4.0.7&#8243; body_line_height=&#8221;1em&#8221; border_radii=&#8221;on|30px|30px|30px|30px&#8221; border_width_all=&#8221;3px&#8221; border_color_all=&#8221;#e63888&#8243; locked=&#8221;off&#8221;][et_pb_accordion_item title=&#8221;Common Allergens &#8221; open=&#8221;on&#8221; _builder_version=&#8221;4.0.7&#8243;]<\/p>\n<p><a href=\"https:\/\/farrp.unl.edu\/informallbig8\" target=\"_blank\" rel=\"noopener noreferrer\">https:\/\/farrp.unl.edu\/informallbig8<\/a><\/p>\n<p>&nbsp;<\/p>\n<p>[\/et_pb_accordion_item][\/et_pb_accordion][\/et_pb_column][\/et_pb_row][\/et_pb_section]<\/p>\n","protected":false},"excerpt":{"rendered":"<p>Common AllergensWhile some of the foods listed below are healthy and beneficial, they are also common allergens for many people. KidStar\u2122 will not create products with these common allergens because [&hellip;]<\/p>\n","protected":false},"author":6,"featured_media":0,"parent":31032,"menu_order":0,"comment_status":"closed","ping_status":"closed","template":"","meta":{"_et_pb_use_builder":"on","_et_pb_old_content":"","_et_gb_content_width":"","footnotes":""},"class_list":["post-31134","page","type-page","status-publish","hentry"],"yoast_head":"<!-- This site is optimized with the Yoast SEO plugin v27.3 - https:\/\/yoast.com\/product\/yoast-seo-wordpress\/ -->\n<title>Common Allergens in Supplements | Allergens should not be added to supplements<\/title>\n<meta name=\"description\" content=\"Common allergens such as eggs, nuts and wheat are healthy but can be allergenic for many people. Allergens should not be added to supplements.\" \/>\n<meta name=\"robots\" content=\"index, follow, max-snippet:-1, max-image-preview:large, max-video-preview:-1\" \/>\n<link rel=\"canonical\" href=\"https:\/\/kidstarnutrients.com\/fr\/les-ingredients-comptent\/ingredients-du-trou-noir\/allergenes-courants\/\" \/>\n<meta property=\"og:locale\" content=\"fr_CA\" \/>\n<meta property=\"og:type\" content=\"article\" \/>\n<meta property=\"og:title\" content=\"Common Allergens in Supplements | Allergens should not be added to supplements\" \/>\n<meta property=\"og:description\" content=\"Common allergens such as eggs, nuts and wheat are healthy but can be allergenic for many people. Allergens should not be added to supplements.\" \/>\n<meta property=\"og:url\" content=\"https:\/\/kidstarnutrients.com\/fr\/les-ingredients-comptent\/ingredients-du-trou-noir\/allergenes-courants\/\" \/>\n<meta property=\"og:site_name\" content=\"KidStar Nutrients\" \/>\n<meta property=\"article:publisher\" content=\"https:\/\/www.facebook.com\/KidStarNutrients\/\" \/>\n<meta property=\"article:modified_time\" content=\"2020-05-19T15:38:09+00:00\" \/>\n<meta property=\"og:image\" content=\"https:\/\/kidstarnutrients.com\/wp-content\/uploads\/2020\/02\/facebook-link-preview-image-with-text.jpg\" \/>\n\t<meta property=\"og:image:width\" content=\"560\" \/>\n\t<meta property=\"og:image:height\" content=\"292\" \/>\n\t<meta property=\"og:image:type\" content=\"image\/jpeg\" \/>\n<meta name=\"twitter:card\" content=\"summary_large_image\" \/>\n<meta name=\"twitter:label1\" content=\"Estimation du temps de lecture\" \/>\n\t<meta name=\"twitter:data1\" content=\"3 minutes\" \/>\n<script type=\"application\/ld+json\" class=\"yoast-schema-graph\">{\"@context\":\"https:\\\/\\\/schema.org\",\"@graph\":[{\"@type\":\"WebPage\",\"@id\":\"https:\\\/\\\/kidstarnutrients.com\\\/ingredients-matter\\\/black-hole-ingredients\\\/common-allergens\\\/\",\"url\":\"https:\\\/\\\/kidstarnutrients.com\\\/ingredients-matter\\\/black-hole-ingredients\\\/common-allergens\\\/\",\"name\":\"Common Allergens in Supplements | Allergens should not be added to supplements\",\"isPartOf\":{\"@id\":\"https:\\\/\\\/kidstarnutrients.com\\\/#website\"},\"datePublished\":\"2019-09-19T22:02:22+00:00\",\"dateModified\":\"2020-05-19T15:38:09+00:00\",\"description\":\"Common allergens such as eggs, nuts and wheat are healthy but can be allergenic for many people. Allergens should not be added to supplements.\",\"breadcrumb\":{\"@id\":\"https:\\\/\\\/kidstarnutrients.com\\\/ingredients-matter\\\/black-hole-ingredients\\\/common-allergens\\\/#breadcrumb\"},\"inLanguage\":\"fr-CA\",\"potentialAction\":[{\"@type\":\"ReadAction\",\"target\":[\"https:\\\/\\\/kidstarnutrients.com\\\/ingredients-matter\\\/black-hole-ingredients\\\/common-allergens\\\/\"]}]},{\"@type\":\"BreadcrumbList\",\"@id\":\"https:\\\/\\\/kidstarnutrients.com\\\/ingredients-matter\\\/black-hole-ingredients\\\/common-allergens\\\/#breadcrumb\",\"itemListElement\":[{\"@type\":\"ListItem\",\"position\":1,\"name\":\"Home\",\"item\":\"https:\\\/\\\/kidstarnutrients.com\\\/\"},{\"@type\":\"ListItem\",\"position\":2,\"name\":\"Ingredients Matter\",\"item\":\"https:\\\/\\\/kidstarnutrients.com\\\/ingredients-matter\\\/\"},{\"@type\":\"ListItem\",\"position\":3,\"name\":\"Black Hole Ingredients\",\"item\":\"https:\\\/\\\/kidstarnutrients.com\\\/ingredients-matter\\\/black-hole-ingredients\\\/\"},{\"@type\":\"ListItem\",\"position\":4,\"name\":\"Common Allergens\"}]},{\"@type\":\"WebSite\",\"@id\":\"https:\\\/\\\/kidstarnutrients.com\\\/#website\",\"url\":\"https:\\\/\\\/kidstarnutrients.com\\\/\",\"name\":\"KidStar Nutrients\",\"description\":\"\",\"potentialAction\":[{\"@type\":\"SearchAction\",\"target\":{\"@type\":\"EntryPoint\",\"urlTemplate\":\"https:\\\/\\\/kidstarnutrients.com\\\/?s={search_term_string}\"},\"query-input\":{\"@type\":\"PropertyValueSpecification\",\"valueRequired\":true,\"valueName\":\"search_term_string\"}}],\"inLanguage\":\"fr-CA\"}]}<\/script>\n<!-- \/ Yoast SEO plugin. -->","yoast_head_json":{"title":"Allerg\u00e8nes courants dans les suppl\u00e9ments | Les allerg\u00e8nes ne doivent pas \u00eatre ajout\u00e9s aux suppl\u00e9ments","description":"Les allerg\u00e8nes courants tels que les \u0153ufs, les noix et le bl\u00e9 sont sains mais peuvent \u00eatre allerg\u00e8nes pour de nombreuses personnes. Les allerg\u00e8nes ne doivent pas \u00eatre ajout\u00e9s aux suppl\u00e9ments.","robots":{"index":"index","follow":"follow","max-snippet":"max-snippet:-1","max-image-preview":"max-image-preview:large","max-video-preview":"max-video-preview:-1"},"canonical":"https:\/\/kidstarnutrients.com\/fr\/les-ingredients-comptent\/ingredients-du-trou-noir\/allergenes-courants\/","og_locale":"fr_CA","og_type":"article","og_title":"Common Allergens in Supplements | Allergens should not be added to supplements","og_description":"Common allergens such as eggs, nuts and wheat are healthy but can be allergenic for many people. Allergens should not be added to supplements.","og_url":"https:\/\/kidstarnutrients.com\/fr\/les-ingredients-comptent\/ingredients-du-trou-noir\/allergenes-courants\/","og_site_name":"KidStar Nutrients","article_publisher":"https:\/\/www.facebook.com\/KidStarNutrients\/","article_modified_time":"2020-05-19T15:38:09+00:00","og_image":[{"width":560,"height":292,"url":"https:\/\/kidstarnutrients.com\/wp-content\/uploads\/2020\/02\/facebook-link-preview-image-with-text.jpg","type":"image\/jpeg"}],"twitter_card":"summary_large_image","twitter_misc":{"Estimation du temps de lecture":"3 minutes"},"schema":{"@context":"https:\/\/schema.org","@graph":[{"@type":"WebPage","@id":"https:\/\/kidstarnutrients.com\/ingredients-matter\/black-hole-ingredients\/common-allergens\/","url":"https:\/\/kidstarnutrients.com\/ingredients-matter\/black-hole-ingredients\/common-allergens\/","name":"Allerg\u00e8nes courants dans les suppl\u00e9ments | Les allerg\u00e8nes ne doivent pas \u00eatre ajout\u00e9s aux suppl\u00e9ments","isPartOf":{"@id":"https:\/\/kidstarnutrients.com\/#website"},"datePublished":"2019-09-19T22:02:22+00:00","dateModified":"2020-05-19T15:38:09+00:00","description":"Les allerg\u00e8nes courants tels que les \u0153ufs, les noix et le bl\u00e9 sont sains mais peuvent \u00eatre allerg\u00e8nes pour de nombreuses personnes. Les allerg\u00e8nes ne doivent pas \u00eatre ajout\u00e9s aux suppl\u00e9ments.","breadcrumb":{"@id":"https:\/\/kidstarnutrients.com\/ingredients-matter\/black-hole-ingredients\/common-allergens\/#breadcrumb"},"inLanguage":"fr-CA","potentialAction":[{"@type":"ReadAction","target":["https:\/\/kidstarnutrients.com\/ingredients-matter\/black-hole-ingredients\/common-allergens\/"]}]},{"@type":"BreadcrumbList","@id":"https:\/\/kidstarnutrients.com\/ingredients-matter\/black-hole-ingredients\/common-allergens\/#breadcrumb","itemListElement":[{"@type":"ListItem","position":1,"name":"Home","item":"https:\/\/kidstarnutrients.com\/"},{"@type":"ListItem","position":2,"name":"Ingredients Matter","item":"https:\/\/kidstarnutrients.com\/ingredients-matter\/"},{"@type":"ListItem","position":3,"name":"Black Hole Ingredients","item":"https:\/\/kidstarnutrients.com\/ingredients-matter\/black-hole-ingredients\/"},{"@type":"ListItem","position":4,"name":"Common Allergens"}]},{"@type":"WebSite","@id":"https:\/\/kidstarnutrients.com\/#website","url":"https:\/\/kidstarnutrients.com\/","name":"Nutriments KidStar","description":"","potentialAction":[{"@type":"SearchAction","target":{"@type":"EntryPoint","urlTemplate":"https:\/\/kidstarnutrients.com\/?s={search_term_string}"},"query-input":{"@type":"PropertyValueSpecification","valueRequired":true,"valueName":"search_term_string"}}],"inLanguage":"fr-CA"}]}},"_links":{"self":[{"href":"https:\/\/kidstarnutrients.com\/fr\/wp-json\/wp\/v2\/pages\/31134","targetHints":{"allow":["GET"]}}],"collection":[{"href":"https:\/\/kidstarnutrients.com\/fr\/wp-json\/wp\/v2\/pages"}],"about":[{"href":"https:\/\/kidstarnutrients.com\/fr\/wp-json\/wp\/v2\/types\/page"}],"author":[{"embeddable":true,"href":"https:\/\/kidstarnutrients.com\/fr\/wp-json\/wp\/v2\/users\/6"}],"replies":[{"embeddable":true,"href":"https:\/\/kidstarnutrients.com\/fr\/wp-json\/wp\/v2\/comments?post=31134"}],"version-history":[{"count":0,"href":"https:\/\/kidstarnutrients.com\/fr\/wp-json\/wp\/v2\/pages\/31134\/revisions"}],"up":[{"embeddable":true,"href":"https:\/\/kidstarnutrients.com\/fr\/wp-json\/wp\/v2\/pages\/31032"}],"wp:attachment":[{"href":"https:\/\/kidstarnutrients.com\/fr\/wp-json\/wp\/v2\/media?parent=31134"}],"curies":[{"name":"wp","href":"https:\/\/api.w.org\/{rel}","templated":true}]}}