{"id":40917,"date":"2020-08-31T13:24:16","date_gmt":"2020-08-31T20:24:16","guid":{"rendered":"https:\/\/kidstarnutrients.com\/health\/recipes\/cosmic-cocoa-protein-pancakes-copy\/"},"modified":"2026-02-04T13:08:33","modified_gmt":"2026-02-04T21:08:33","slug":"bouchees-proteinees-energetiques","status":"publish","type":"page","link":"https:\/\/kidstarnutrients.com\/fr\/learning-centre\/recipes\/protein-energy-bites\/","title":{"rendered":"Bouch\u00e9es \u00e9nerg\u00e9tiques prot\u00e9in\u00e9es"},"content":{"rendered":"<p>[et_pb_section fb_built=&#8221;1&#8243; _builder_version=&#8221;4.16&#8243; custom_padding=&#8221;11px|||||&#8221; global_colors_info=&#8221;{}&#8221;][et_pb_row _builder_version=&#8221;4.16&#8243; global_colors_info=&#8221;{}&#8221;][et_pb_column type=&#8221;4_4&#8243; _builder_version=&#8221;4.16&#8243; custom_padding=&#8221;|||&#8221; global_colors_info=&#8221;{}&#8221; custom_padding__hover=&#8221;|||&#8221;][et_pb_text _builder_version=&#8221;4.24.2&#8243; header_font=&#8221;||||||||&#8221; header_text_align=&#8221;center&#8221; background_enable_image=&#8221;off&#8221; background_size=&#8221;contain&#8221; background_position=&#8221;center_left&#8221; global_colors_info=&#8221;{}&#8221;]<\/p>\n<h1>Protein Energy Bites<\/h1>\n<p>[\/et_pb_text][\/et_pb_column][\/et_pb_row][et_pb_row _builder_version=&#8221;4.16&#8243; custom_margin=&#8221;||10px||false|false&#8221; global_colors_info=&#8221;{}&#8221;][et_pb_column type=&#8221;4_4&#8243; _builder_version=&#8221;4.16&#8243; global_colors_info=&#8221;{}&#8221;][et_pb_image src=&#8221;https:\/\/kidstarnutrients.com\/wp-content\/uploads\/2020\/08\/protein-balls-blue-plate-web.jpg&#8221; align=&#8221;center&#8221; _builder_version=&#8221;4.16&#8243; max_height=&#8221;700px&#8221; border_radii=&#8221;on|30px|30px|30px|30px&#8221; global_colors_info=&#8221;{}&#8221;][\/et_pb_image][\/et_pb_column][\/et_pb_row][et_pb_row column_structure=&#8221;3_5,2_5&#8243; _builder_version=&#8221;4.16&#8243; custom_padding=&#8221;0px||0px||false|false&#8221; global_colors_info=&#8221;{}&#8221;][et_pb_column type=&#8221;3_5&#8243; _builder_version=&#8221;4.16&#8243; global_colors_info=&#8221;{}&#8221;][et_pb_text _builder_version=&#8221;4.24.2&#8243; min_height=&#8221;641px&#8221; custom_padding=&#8221;||0px|||&#8221; global_colors_info=&#8221;{}&#8221;]<\/p>\n<h4>Ingredients:<\/h4>\n<ul>\n<li>2 scoops All-in-One Vegan Protein in <a href=\"https:\/\/kidstarnutrients.com\/products\/all-in-one-vegan-protein-chocolate\/\" target=\"_blank\" rel=\"noopener\">Chocolate<\/a> or <a href=\"https:\/\/kidstarnutrients.com\/products\/all-in-one-vegan-protein-vanilla\/\" target=\"_blank\" rel=\"noopener\">Vanilla<\/a><\/li>\n<li>1\/2 cup seed butter or nut butter of choice<\/li>\n<li>1\/3 cup rolled oats<\/li>\n<li>1 tbsp honey or 1\/4 cup dates<\/li>\n<li>Optional: 1 scoop <a href=\"https:\/\/kidstarnutrients.com\/products\/beregular-prebiotic-fibre-probiotic-blend\/\" target=\"_blank\" rel=\"noopener\">BeRegular\u00ae Prebiotic Fibre &amp; Probiotic Blend<\/a><\/li>\n<\/ul>\n<ul><\/ul>\n<p><strong>Optional Add-ins:<\/strong><\/p>\n<ul>\n<li>Dark chocolate chips<\/li>\n<li>Hemp hearts<\/li>\n<li>Chia seeds<\/li>\n<li>Toasted nuts<\/li>\n<li>Dried coconut<\/li>\n<li>Cinnamon<\/li>\n<li>Flaky sea salt<\/li>\n<li>Dried berries<\/li>\n<\/ul>\n<p>&nbsp;<\/p>\n<p>[\/et_pb_text][\/et_pb_column][et_pb_column type=&#8221;2_5&#8243; _builder_version=&#8221;4.16&#8243; global_colors_info=&#8221;{}&#8221;][\/et_pb_column][\/et_pb_row][et_pb_row _builder_version=&#8221;4.16&#8243; custom_margin=&#8221;0px||||false|false&#8221; custom_padding=&#8221;0px||||false|false&#8221; global_colors_info=&#8221;{}&#8221;][et_pb_column type=&#8221;4_4&#8243; _builder_version=&#8221;4.16&#8243; global_colors_info=&#8221;{}&#8221;][et_pb_divider color=&#8221;#e63888&#8243; divider_position=&#8221;center&#8221; divider_weight=&#8221;3px&#8221; _builder_version=&#8221;4.16&#8243; global_colors_info=&#8221;{}&#8221;][\/et_pb_divider][\/et_pb_column][\/et_pb_row][et_pb_row column_structure=&#8221;2_5,3_5&#8243; module_class=&#8221;custom_row_recipe&#8221; _builder_version=&#8221;4.16&#8243; custom_padding=&#8221;0px||0px||false|false&#8221; global_colors_info=&#8221;{}&#8221;][et_pb_column type=&#8221;2_5&#8243; module_class=&#8221;second-on-mobile&#8221; _builder_version=&#8221;4.16&#8243; global_colors_info=&#8221;{}&#8221;][et_pb_image src=&#8221;https:\/\/kidstarnutrients.com\/wp-content\/uploads\/2020\/08\/protein-balls_web.jpg&#8221; _builder_version=&#8221;4.16&#8243; border_radii=&#8221;on|30px|30px|30px|30px&#8221; global_colors_info=&#8221;{}&#8221;][\/et_pb_image][\/et_pb_column][et_pb_column type=&#8221;3_5&#8243; module_class=&#8221;first-on-mobile&#8221; _builder_version=&#8221;4.16&#8243; global_colors_info=&#8221;{}&#8221;][et_pb_text ol_position=&#8221;outside&#8221; ol_item_indent=&#8221;20px&#8221; _builder_version=&#8221;4.24.2&#8243; text_line_height=&#8221;1.9em&#8221; ol_line_height=&#8221;2em&#8221; global_colors_info=&#8221;{}&#8221;]<\/p>\n<h4>Preparation:<\/h4>\n<ol>\n<li>Combine nut or seed butter, All-in-One Protein, BeRegular (if using), oats, and sweetener of choice in a food processor. Pulse until well combined.<\/li>\n<li>Add in any additional optional ingredients and pulse again until just combined.<\/li>\n<li>Place in the fridge to set for a minimum of 2 hours or overnight.<\/li>\n<li>Take the bowl out of the fridge and use a tablespoon measuring spoon to scoop out the mixture.<\/li>\n<li>With clean hands, roll each scoop into a ball.<\/li>\n<li>Balls can then be rolled into additional toppings such as chopped nuts or dried coconut.<\/li>\n<li>Refrigerate in an air-tight container.<\/li>\n<li>Enjoy!<\/li>\n<\/ol>\n<p>[\/et_pb_text][\/et_pb_column][\/et_pb_row][et_pb_row _builder_version=&#8221;4.16&#8243; global_colors_info=&#8221;{}&#8221;][et_pb_column type=&#8221;4_4&#8243; _builder_version=&#8221;4.16&#8243; global_colors_info=&#8221;{}&#8221;][et_pb_divider color=&#8221;#e63888&#8243; divider_position=&#8221;center&#8221; divider_weight=&#8221;3px&#8221; _builder_version=&#8221;4.16&#8243; global_colors_info=&#8221;{}&#8221;][\/et_pb_divider][\/et_pb_column][\/et_pb_row][et_pb_row _builder_version=&#8221;4.24.2&#8243; background_color=&#8221;RGBA(255,255,255,0)&#8221; border_radii=&#8221;on|30px|30px|30px|30px&#8221; locked=&#8221;off&#8221; global_colors_info=&#8221;{}&#8221;][et_pb_column type=&#8221;4_4&#8243; _builder_version=&#8221;4.16&#8243; global_colors_info=&#8221;{}&#8221;][et_pb_text _builder_version=&#8221;4.24.2&#8243; _module_preset=&#8221;default&#8221; global_colors_info=&#8221;{}&#8221;]<\/p>\n<h3 style=\"text-align: center;\">Customers Frequently Purchase<\/h3>\n<p>[\/et_pb_text][\/et_pb_column][\/et_pb_row][et_pb_row column_structure=&#8221;1_3,1_3,1_3&#8243; use_custom_gutter=&#8221;on&#8221; gutter_width=&#8221;1&#8243; make_equal=&#8221;on&#8221; _builder_version=&#8221;4.16&#8243; width=&#8221;100%&#8221; locked=&#8221;off&#8221; global_colors_info=&#8221;{}&#8221;][et_pb_column type=&#8221;1_3&#8243; _builder_version=&#8221;4.16&#8243; global_colors_info=&#8221;{}&#8221;][et_pb_text _builder_version=&#8221;4.24.2&#8243; _dynamic_attributes=&#8221;link_option_url&#8221; text_text_color=&#8221;rgba(0,0,0,0)&#8221; background_image=&#8221;https:\/\/kidstarnutrients.com\/wp-content\/uploads\/2020\/06\/KidStar-All-in-One-Protein-Chocolate_ecom_New-Look.png&#8221; background_size=&#8221;contain&#8221; text_orientation=&#8221;center&#8221; max_width=&#8221;250px&#8221; module_alignment=&#8221;center&#8221; min_height=&#8221;250px&#8221; custom_margin=&#8221;0px|40px|11px|40px|false|true&#8221; custom_padding=&#8221;10px|10px|10px|10px|true|true&#8221; link_option_url=&#8221;@ET-DC@eyJkeW5hbWljIjp0cnVlLCJjb250ZW50IjoicG9zdF9saW5rX3VybF9wcm9kdWN0Iiwic2V0dGluZ3MiOnsicG9zdF9pZCI6IjQwNTk4In19@&#8221; border_radii=&#8221;on|30px|30px|30px|30px&#8221; global_colors_info=&#8221;{}&#8221; content__hover_enabled=&#8221;off|hover&#8221; content__hover=&#8221;<\/p>\n<p>Pure iron micronized and microencapsulated for maximum absorption and minimal side effects<\/p>\n<p>&#8221; background__hover_enabled=&#8221;on|hover&#8221; background_color__hover=&#8221;#8031A7&#8243; background_enable_color__hover=&#8221;on&#8221; background_enable_image__hover=&#8221;off&#8221; text_text_color__hover_enabled=&#8221;on|hover&#8221; text_text_color__hover=&#8221;#ffffff&#8221;]<\/p>\n<p>&nbsp;<\/p>\n<p>All-in-One Vegan Protein Chocolate<\/p>\n<p>[\/et_pb_text][et_pb_text admin_label=&#8221;Text&#8221; _builder_version=&#8221;4.24.2&#8243; _dynamic_attributes=&#8221;link_option_url&#8221; text_font=&#8221;|600|||||||&#8221; text_orientation=&#8221;center&#8221; custom_margin=&#8221;0px||0px||false|false&#8221; custom_padding=&#8221;0px||0px||false|false&#8221; link_option_url=&#8221;@ET-DC@eyJkeW5hbWljIjp0cnVlLCJjb250ZW50IjoicG9zdF9saW5rX3VybF9wcm9kdWN0Iiwic2V0dGluZ3MiOnsicG9zdF9pZCI6IjQwNTk4In19@&#8221; global_colors_info=&#8221;{}&#8221;]<\/p>\n<p>All-in-One Vegan Protein Chocolate<\/p>\n<p>[\/et_pb_text][et_pb_wc_price product=&#8221;40598&#8243; _builder_version=&#8221;4.24.2&#8243; body_font_size=&#8221;14px&#8221; body_line_height=&#8221;1em&#8221; sale_price_text_color=&#8221;#e4002b&#8221; text_orientation=&#8221;center&#8221; custom_margin=&#8221;5px||0px||false|false&#8221; custom_padding=&#8221;||0px||false|false&#8221; global_colors_info=&#8221;{}&#8221;][\/et_pb_wc_price][et_pb_wc_rating product=&#8221;40598&#8243; show_reviews_link=&#8221;off&#8221; _builder_version=&#8221;4.24.2&#8243; rating_text_align=&#8221;center&#8221; custom_padding=&#8221;0px|||||&#8221; global_colors_info=&#8221;{}&#8221;][\/et_pb_wc_rating][\/et_pb_column][et_pb_column type=&#8221;1_3&#8243; _builder_version=&#8221;4.16&#8243; global_colors_info=&#8221;{}&#8221;][et_pb_text _builder_version=&#8221;4.24.2&#8243; _dynamic_attributes=&#8221;link_option_url&#8221; text_text_color=&#8221;rgba(0,0,0,0)&#8221; background_image=&#8221;https:\/\/kidstarnutrients.com\/wp-content\/uploads\/2025\/10\/KidStar-All-in-One-Protein-Vanilla_ecom_New.png&#8221; background_size=&#8221;contain&#8221; text_orientation=&#8221;center&#8221; max_width=&#8221;250px&#8221; module_alignment=&#8221;center&#8221; min_height=&#8221;250px&#8221; custom_margin=&#8221;0px|40px|11px|40px|false|true&#8221; custom_margin_tablet=&#8221;&#8221; custom_margin_phone=&#8221;20px||||false|true&#8221; custom_margin_last_edited=&#8221;on|phone&#8221; custom_padding=&#8221;10px|10px|10px|10px|true|true&#8221; link_option_url=&#8221;@ET-DC@eyJkeW5hbWljIjp0cnVlLCJjb250ZW50IjoicG9zdF9saW5rX3VybF9wcm9kdWN0Iiwic2V0dGluZ3MiOnsicG9zdF9pZCI6IjUwMzg1In19@&#8221; border_radii=&#8221;on|30px|30px|30px|30px&#8221; global_colors_info=&#8221;{}&#8221; content__hover_enabled=&#8221;off|hover&#8221; content__hover=&#8221;<\/p>\n<p>Pure iron micronized and microencapsulated for maximum absorption and minimal side effects<\/p>\n<p>&#8221; background__hover_enabled=&#8221;on|hover&#8221; background_color__hover=&#8221;#E63888&#8243; background_enable_color__hover=&#8221;on&#8221; background_enable_image__hover=&#8221;off&#8221; text_text_color__hover_enabled=&#8221;on|hover&#8221; text_text_color__hover=&#8221;#ffffff&#8221;]<\/p>\n<p>&nbsp;<\/p>\n<p>All-in-One Vegan Protein Vanilla<\/p>\n<p>[\/et_pb_text][et_pb_text _builder_version=&#8221;4.24.2&#8243; _dynamic_attributes=&#8221;link_option_url&#8221; text_font=&#8221;|600|||||||&#8221; text_orientation=&#8221;center&#8221; custom_margin=&#8221;0px||0px||false|false&#8221; custom_padding=&#8221;0px||0px||false|false&#8221; link_option_url=&#8221;@ET-DC@eyJkeW5hbWljIjp0cnVlLCJjb250ZW50IjoicG9zdF9saW5rX3VybF9wcm9kdWN0Iiwic2V0dGluZ3MiOnsicG9zdF9pZCI6IjUwMzg1In19@&#8221; global_colors_info=&#8221;{}&#8221;]<\/p>\n<p>All-in-One Vegan Protein Vanilla<\/p>\n<p>[\/et_pb_text][et_pb_wc_price product=&#8221;50385&#8243; _builder_version=&#8221;4.24.2&#8243; body_font_size=&#8221;14px&#8221; body_line_height=&#8221;1em&#8221; sale_price_text_color=&#8221;#e4002b&#8221; text_orientation=&#8221;center&#8221; custom_margin=&#8221;5px||||false|false&#8221; link_option_url=&#8221;https:\/\/kidstarnutrients.com\/product\/biofe-pure-iron-drops\/&#8221; global_colors_info=&#8221;{}&#8221;][\/et_pb_wc_price][et_pb_wc_rating product=&#8221;50385&#8243; show_reviews_link=&#8221;off&#8221; _builder_version=&#8221;4.24.2&#8243; rating_text_align=&#8221;center&#8221; global_colors_info=&#8221;{}&#8221;][\/et_pb_wc_rating][\/et_pb_column][et_pb_column type=&#8221;1_3&#8243; _builder_version=&#8221;4.16&#8243; global_colors_info=&#8221;{}&#8221;][et_pb_text _builder_version=&#8221;4.24.2&#8243; _dynamic_attributes=&#8221;link_option_url&#8221; text_text_color=&#8221;rgba(0,0,0,0)&#8221; background_image=&#8221;https:\/\/kidstarnutrients.com\/wp-content\/uploads\/2024\/06\/BeRegular-Prebiotic-Fibre-Probiotic-Blend-180g_V0-042924_ecomm.png&#8221; background_size=&#8221;contain&#8221; text_orientation=&#8221;center&#8221; max_width=&#8221;250px&#8221; module_alignment=&#8221;center&#8221; min_height=&#8221;250px&#8221; custom_margin=&#8221;0px|40px|11px|40px|false|true&#8221; custom_margin_tablet=&#8221;&#8221; custom_margin_phone=&#8221;20px||||false|true&#8221; custom_margin_last_edited=&#8221;on|phone&#8221; custom_padding=&#8221;10px|10px|10px|10px|true|true&#8221; link_option_url=&#8221;@ET-DC@eyJkeW5hbWljIjp0cnVlLCJjb250ZW50IjoicG9zdF9saW5rX3VybF9wcm9kdWN0Iiwic2V0dGluZ3MiOnsicG9zdF9pZCI6IjQ3MjAxIn19@&#8221; border_radii=&#8221;on|30px|30px|30px|30px&#8221; global_colors_info=&#8221;{}&#8221; content__hover_enabled=&#8221;off|hover&#8221; content__hover=&#8221;<\/p>\n<p>Pure iron micronized and microencapsulated for maximum absorption and minimal side effects<\/p>\n<p>&#8221; background__hover_enabled=&#8221;on|hover&#8221; background_color__hover=&#8221;#E63888&#8243; background_enable_color__hover=&#8221;on&#8221; background_enable_image__hover=&#8221;off&#8221; text_text_color__hover_enabled=&#8221;on|hover&#8221; text_text_color__hover=&#8221;#ffffff&#8221;]<\/p>\n<p>&nbsp;<\/p>\n<p>BeRegular\u00ae Prebiotic Fibre &amp; Probiotic Blend<\/p>\n<p>[\/et_pb_text][et_pb_text _builder_version=&#8221;4.24.2&#8243; _dynamic_attributes=&#8221;link_option_url&#8221; text_font=&#8221;|600|||||||&#8221; text_orientation=&#8221;center&#8221; custom_margin=&#8221;0px||0px||false|false&#8221; custom_padding=&#8221;0px||0px||false|false&#8221; link_option_url=&#8221;@ET-DC@eyJkeW5hbWljIjp0cnVlLCJjb250ZW50IjoicG9zdF9saW5rX3VybF9wcm9kdWN0Iiwic2V0dGluZ3MiOnsicG9zdF9pZCI6IjQ3MjAxIn19@&#8221; global_colors_info=&#8221;{}&#8221;]<\/p>\n<p>BeRegular\u00ae Prebiotic Fibre &amp; Probiotic Blend<\/p>\n<p>[\/et_pb_text][et_pb_wc_price product=&#8221;47201&#8243; _builder_version=&#8221;4.24.2&#8243; body_font_size=&#8221;14px&#8221; body_line_height=&#8221;1em&#8221; sale_price_text_color=&#8221;#e4002b&#8221; text_orientation=&#8221;center&#8221; custom_margin=&#8221;5px||||false|false&#8221; global_colors_info=&#8221;{}&#8221;][\/et_pb_wc_price][et_pb_wc_rating product=&#8221;47201&#8243; show_reviews_link=&#8221;off&#8221; disabled_on=&#8221;on|on|on&#8221; _builder_version=&#8221;4.24.2&#8243; rating_text_align=&#8221;center&#8221; disabled=&#8221;on&#8221; global_colors_info=&#8221;{}&#8221;][\/et_pb_wc_rating][\/et_pb_column][\/et_pb_row][\/et_pb_section]<\/p>\n","protected":false},"excerpt":{"rendered":"<p>Protein Energy BitesIngredients: 2 scoops All-in-One Vegan Protein in Chocolate or Vanilla 1\/2 cup seed butter or nut butter of choice 1\/3 cup rolled oats 1 tbsp honey or 1\/4 [&hellip;]<\/p>\n","protected":false},"author":6,"featured_media":40877,"parent":40657,"menu_order":0,"comment_status":"closed","ping_status":"closed","template":"","meta":{"_et_pb_use_builder":"on","_et_pb_old_content":"","_et_gb_content_width":"","footnotes":""},"class_list":["post-40917","page","type-page","status-publish","has-post-thumbnail","hentry"],"yoast_head":"<!-- This site is optimized with the Yoast SEO plugin v27.3 - https:\/\/yoast.com\/product\/yoast-seo-wordpress\/ -->\n<title>Protein Energy Bites | KidStar Nutrients<\/title>\n<meta name=\"description\" content=\"Protein energy bites are bite-sized snacks that are delicious and easy to make! Made with All-in-One Vegan Protein from KidStar.\" \/>\n<meta name=\"robots\" content=\"index, follow, max-snippet:-1, max-image-preview:large, max-video-preview:-1\" \/>\n<link rel=\"canonical\" href=\"https:\/\/kidstarnutrients.com\/fr\/centre-dapprentissage\/recettes\/bouchees-proteinees-energetiques\/\" \/>\n<meta property=\"og:locale\" content=\"fr_CA\" \/>\n<meta property=\"og:type\" content=\"article\" \/>\n<meta property=\"og:title\" content=\"Cosmic Cocoa Protein Energy Bites Recipe | KidStar Nutrients\" \/>\n<meta property=\"og:description\" content=\"Cosmic cocoa protein energy bites are bite-sized snacks that are delicious and easy to make! Made with All-in-One Plant-Based Protein from KidStar.\" \/>\n<meta property=\"og:url\" content=\"https:\/\/kidstarnutrients.com\/fr\/centre-dapprentissage\/recettes\/bouchees-proteinees-energetiques\/\" \/>\n<meta property=\"og:site_name\" content=\"KidStar Nutrients\" \/>\n<meta property=\"article:publisher\" content=\"https:\/\/www.facebook.com\/KidStarNutrients\/\" \/>\n<meta property=\"article:modified_time\" content=\"2026-02-04T21:08:33+00:00\" \/>\n<meta property=\"og:image\" content=\"https:\/\/kidstarnutrients.com\/wp-content\/uploads\/2020\/08\/protein-balls-blue-plate-web.jpg\" \/>\n\t<meta property=\"og:image:width\" content=\"1080\" \/>\n\t<meta property=\"og:image:height\" content=\"792\" \/>\n\t<meta property=\"og:image:type\" content=\"image\/jpeg\" \/>\n<meta name=\"twitter:card\" content=\"summary_large_image\" \/>\n<meta name=\"twitter:label1\" content=\"Estimation du temps de lecture\" \/>\n\t<meta name=\"twitter:data1\" content=\"2 minutes\" \/>\n<script type=\"application\/ld+json\" class=\"yoast-schema-graph\">{\"@context\":\"https:\\\/\\\/schema.org\",\"@graph\":[{\"@type\":\"WebPage\",\"@id\":\"https:\\\/\\\/kidstarnutrients.com\\\/learning-centre\\\/recipes\\\/protein-energy-bites\\\/\",\"url\":\"https:\\\/\\\/kidstarnutrients.com\\\/learning-centre\\\/recipes\\\/protein-energy-bites\\\/\",\"name\":\"Protein Energy Bites | KidStar Nutrients\",\"isPartOf\":{\"@id\":\"https:\\\/\\\/kidstarnutrients.com\\\/#website\"},\"primaryImageOfPage\":{\"@id\":\"https:\\\/\\\/kidstarnutrients.com\\\/learning-centre\\\/recipes\\\/protein-energy-bites\\\/#primaryimage\"},\"image\":{\"@id\":\"https:\\\/\\\/kidstarnutrients.com\\\/learning-centre\\\/recipes\\\/protein-energy-bites\\\/#primaryimage\"},\"thumbnailUrl\":\"https:\\\/\\\/kidstarnutrients.com\\\/wp-content\\\/uploads\\\/2020\\\/08\\\/protein-balls-blue-plate-web.jpg\",\"datePublished\":\"2020-08-31T20:24:16+00:00\",\"dateModified\":\"2026-02-04T21:08:33+00:00\",\"description\":\"Protein energy bites are bite-sized snacks that are delicious and easy to make! Made with All-in-One Vegan Protein from KidStar.\",\"breadcrumb\":{\"@id\":\"https:\\\/\\\/kidstarnutrients.com\\\/learning-centre\\\/recipes\\\/protein-energy-bites\\\/#breadcrumb\"},\"inLanguage\":\"fr-CA\",\"potentialAction\":[{\"@type\":\"ReadAction\",\"target\":[\"https:\\\/\\\/kidstarnutrients.com\\\/learning-centre\\\/recipes\\\/protein-energy-bites\\\/\"]}]},{\"@type\":\"ImageObject\",\"inLanguage\":\"fr-CA\",\"@id\":\"https:\\\/\\\/kidstarnutrients.com\\\/learning-centre\\\/recipes\\\/protein-energy-bites\\\/#primaryimage\",\"url\":\"https:\\\/\\\/kidstarnutrients.com\\\/wp-content\\\/uploads\\\/2020\\\/08\\\/protein-balls-blue-plate-web.jpg\",\"contentUrl\":\"https:\\\/\\\/kidstarnutrients.com\\\/wp-content\\\/uploads\\\/2020\\\/08\\\/protein-balls-blue-plate-web.jpg\",\"width\":1080,\"height\":792},{\"@type\":\"BreadcrumbList\",\"@id\":\"https:\\\/\\\/kidstarnutrients.com\\\/learning-centre\\\/recipes\\\/protein-energy-bites\\\/#breadcrumb\",\"itemListElement\":[{\"@type\":\"ListItem\",\"position\":1,\"name\":\"Home\",\"item\":\"https:\\\/\\\/kidstarnutrients.com\\\/\"},{\"@type\":\"ListItem\",\"position\":2,\"name\":\"Learning Centre\",\"item\":\"https:\\\/\\\/kidstarnutrients.com\\\/learning-centre\\\/\"},{\"@type\":\"ListItem\",\"position\":3,\"name\":\"Recipes\",\"item\":\"https:\\\/\\\/kidstarnutrients.com\\\/learning-centre\\\/recipes\\\/\"},{\"@type\":\"ListItem\",\"position\":4,\"name\":\"Protein Energy Bites\"}]},{\"@type\":\"WebSite\",\"@id\":\"https:\\\/\\\/kidstarnutrients.com\\\/#website\",\"url\":\"https:\\\/\\\/kidstarnutrients.com\\\/\",\"name\":\"KidStar Nutrients\",\"description\":\"\",\"potentialAction\":[{\"@type\":\"SearchAction\",\"target\":{\"@type\":\"EntryPoint\",\"urlTemplate\":\"https:\\\/\\\/kidstarnutrients.com\\\/?s={search_term_string}\"},\"query-input\":{\"@type\":\"PropertyValueSpecification\",\"valueRequired\":true,\"valueName\":\"search_term_string\"}}],\"inLanguage\":\"fr-CA\"}]}<\/script>\n<!-- \/ Yoast SEO plugin. -->","yoast_head_json":{"title":"Bouch\u00e9es \u00e9nerg\u00e9tiques prot\u00e9in\u00e9es | KidStar Nutrients","description":"Les bouch\u00e9es \u00e9nerg\u00e9tiques prot\u00e9in\u00e9es sont des collations d\u00e9licieuses et faciles \u00e0 pr\u00e9parer\u00a0! Fabriqu\u00e9es avec la prot\u00e9ine v\u00e9g\u00e9talienne tout-en-un de KidStar.","robots":{"index":"index","follow":"follow","max-snippet":"max-snippet:-1","max-image-preview":"max-image-preview:large","max-video-preview":"max-video-preview:-1"},"canonical":"https:\/\/kidstarnutrients.com\/fr\/centre-dapprentissage\/recettes\/bouchees-proteinees-energetiques\/","og_locale":"fr_CA","og_type":"article","og_title":"Cosmic Cocoa Protein Energy Bites Recipe | KidStar Nutrients","og_description":"Cosmic cocoa protein energy bites are bite-sized snacks that are delicious and easy to make! Made with All-in-One Plant-Based Protein from KidStar.","og_url":"https:\/\/kidstarnutrients.com\/fr\/centre-dapprentissage\/recettes\/bouchees-proteinees-energetiques\/","og_site_name":"KidStar Nutrients","article_publisher":"https:\/\/www.facebook.com\/KidStarNutrients\/","article_modified_time":"2026-02-04T21:08:33+00:00","og_image":[{"width":1080,"height":792,"url":"https:\/\/kidstarnutrients.com\/wp-content\/uploads\/2020\/08\/protein-balls-blue-plate-web.jpg","type":"image\/jpeg"}],"twitter_card":"summary_large_image","twitter_misc":{"Estimation du temps de lecture":"2 minutes"},"schema":{"@context":"https:\/\/schema.org","@graph":[{"@type":"WebPage","@id":"https:\/\/kidstarnutrients.com\/learning-centre\/recipes\/protein-energy-bites\/","url":"https:\/\/kidstarnutrients.com\/learning-centre\/recipes\/protein-energy-bites\/","name":"Bouch\u00e9es \u00e9nerg\u00e9tiques prot\u00e9in\u00e9es | KidStar Nutrients","isPartOf":{"@id":"https:\/\/kidstarnutrients.com\/#website"},"primaryImageOfPage":{"@id":"https:\/\/kidstarnutrients.com\/learning-centre\/recipes\/protein-energy-bites\/#primaryimage"},"image":{"@id":"https:\/\/kidstarnutrients.com\/learning-centre\/recipes\/protein-energy-bites\/#primaryimage"},"thumbnailUrl":"https:\/\/kidstarnutrients.com\/wp-content\/uploads\/2020\/08\/protein-balls-blue-plate-web.jpg","datePublished":"2020-08-31T20:24:16+00:00","dateModified":"2026-02-04T21:08:33+00:00","description":"Les bouch\u00e9es \u00e9nerg\u00e9tiques prot\u00e9in\u00e9es sont des collations d\u00e9licieuses et faciles \u00e0 pr\u00e9parer\u00a0! Fabriqu\u00e9es avec la prot\u00e9ine v\u00e9g\u00e9talienne tout-en-un de KidStar.","breadcrumb":{"@id":"https:\/\/kidstarnutrients.com\/learning-centre\/recipes\/protein-energy-bites\/#breadcrumb"},"inLanguage":"fr-CA","potentialAction":[{"@type":"ReadAction","target":["https:\/\/kidstarnutrients.com\/learning-centre\/recipes\/protein-energy-bites\/"]}]},{"@type":"ImageObject","inLanguage":"fr-CA","@id":"https:\/\/kidstarnutrients.com\/learning-centre\/recipes\/protein-energy-bites\/#primaryimage","url":"https:\/\/kidstarnutrients.com\/wp-content\/uploads\/2020\/08\/protein-balls-blue-plate-web.jpg","contentUrl":"https:\/\/kidstarnutrients.com\/wp-content\/uploads\/2020\/08\/protein-balls-blue-plate-web.jpg","width":1080,"height":792},{"@type":"BreadcrumbList","@id":"https:\/\/kidstarnutrients.com\/learning-centre\/recipes\/protein-energy-bites\/#breadcrumb","itemListElement":[{"@type":"ListItem","position":1,"name":"Home","item":"https:\/\/kidstarnutrients.com\/"},{"@type":"ListItem","position":2,"name":"Learning Centre","item":"https:\/\/kidstarnutrients.com\/learning-centre\/"},{"@type":"ListItem","position":3,"name":"Recipes","item":"https:\/\/kidstarnutrients.com\/learning-centre\/recipes\/"},{"@type":"ListItem","position":4,"name":"Protein Energy Bites"}]},{"@type":"WebSite","@id":"https:\/\/kidstarnutrients.com\/#website","url":"https:\/\/kidstarnutrients.com\/","name":"Nutriments KidStar","description":"","potentialAction":[{"@type":"SearchAction","target":{"@type":"EntryPoint","urlTemplate":"https:\/\/kidstarnutrients.com\/?s={search_term_string}"},"query-input":{"@type":"PropertyValueSpecification","valueRequired":true,"valueName":"search_term_string"}}],"inLanguage":"fr-CA"}]}},"_links":{"self":[{"href":"https:\/\/kidstarnutrients.com\/fr\/wp-json\/wp\/v2\/pages\/40917","targetHints":{"allow":["GET"]}}],"collection":[{"href":"https:\/\/kidstarnutrients.com\/fr\/wp-json\/wp\/v2\/pages"}],"about":[{"href":"https:\/\/kidstarnutrients.com\/fr\/wp-json\/wp\/v2\/types\/page"}],"author":[{"embeddable":true,"href":"https:\/\/kidstarnutrients.com\/fr\/wp-json\/wp\/v2\/users\/6"}],"replies":[{"embeddable":true,"href":"https:\/\/kidstarnutrients.com\/fr\/wp-json\/wp\/v2\/comments?post=40917"}],"version-history":[{"count":0,"href":"https:\/\/kidstarnutrients.com\/fr\/wp-json\/wp\/v2\/pages\/40917\/revisions"}],"up":[{"embeddable":true,"href":"https:\/\/kidstarnutrients.com\/fr\/wp-json\/wp\/v2\/pages\/40657"}],"wp:featuredmedia":[{"embeddable":true,"href":"https:\/\/kidstarnutrients.com\/fr\/wp-json\/wp\/v2\/media\/40877"}],"wp:attachment":[{"href":"https:\/\/kidstarnutrients.com\/fr\/wp-json\/wp\/v2\/media?parent=40917"}],"curies":[{"name":"wp","href":"https:\/\/api.w.org\/{rel}","templated":true}]}}