{"id":41146,"date":"2020-10-14T13:49:41","date_gmt":"2020-10-14T20:49:41","guid":{"rendered":"https:\/\/kidstarnutrients.com\/?page_id=41146"},"modified":"2023-06-19T09:26:29","modified_gmt":"2023-06-19T16:26:29","slug":"appliquer-le-service-client-au-sein-des-ventes","status":"publish","type":"page","link":"https:\/\/kidstarnutrients.com\/fr\/careers\/apply-customer-service-inside-sales\/","title":{"rendered":"Description du poste Service \u00e0 la client\u00e8le Ventes internes"},"content":{"rendered":"<p>[et_pb_section fb_built=&#8221;1&#8243; _builder_version=&#8221;4.2.2&#8243; background_color=&#8221;#00afd7&#8243; custom_padding=&#8221;25px||25px||false|false&#8221;][et_pb_row _builder_version=&#8221;3.25&#8243;][et_pb_column type=&#8221;4_4&#8243; _builder_version=&#8221;3.25&#8243; custom_padding=&#8221;|||&#8221; custom_padding__hover=&#8221;|||&#8221;][et_pb_text _builder_version=&#8221;4.2.2&#8243; header_font=&#8221;||||||||&#8221; header_text_align=&#8221;center&#8221; header_text_color=&#8221;#ffffff&#8221; custom_margin=&#8221;||0px||false|false&#8221;]<\/p>\n<h1>KidStar Careers<\/h1>\n<p>[\/et_pb_text][\/et_pb_column][\/et_pb_row][\/et_pb_section][et_pb_section fb_built=&#8221;1&#8243; _builder_version=&#8221;4.2.2&#8243; custom_padding=&#8221;||10px||false|false&#8221;][et_pb_row _builder_version=&#8221;4.2.2&#8243; animation_direction=&#8221;right&#8221;][et_pb_column type=&#8221;4_4&#8243; _builder_version=&#8221;4.2.2&#8243;][et_pb_text _builder_version=&#8221;4.2.2&#8243;]<\/p>\n<h2>Customer Service and Inside Sales Representative<\/h2>\n<p>[\/et_pb_text][et_pb_text _builder_version=&#8221;4.2.2&#8243; hover_enabled=&#8221;0&#8243;]<\/p>\n<p><strong>Vancouver, BC | Part-Time<\/strong><\/p>\n<p>KidStar Nutrients is a new, young, and fast-growing supplements company based out of East Vancouver. We are devoted to educating parents about optimal nutrition, developing top quality products with kids in mind that the whole family can take. Parents can feel good about giving our nutrients to their children, and themselves. Our nutrients are clean because KidStar Nutrients believes a supplement should only contain what you need and nothing more.<\/p>\n<p>KidStar Nutrients is a proudly Canadian family-managed company. We value and support all individuals and we support accessibility, diversity, and equitable treatment.<\/p>\n<p>If you have an interest or passion for health and nutrition, love giving star customer service, and are confident in sales then this job is for you.<\/p>\n<p>[\/et_pb_text][\/et_pb_column][\/et_pb_row][et_pb_row column_structure=&#8221;3_4,1_4&#8243; _builder_version=&#8221;4.2.2&#8243; animation_style=&#8221;slide&#8221; animation_direction=&#8221;left&#8221; animation_intensity_slide=&#8221;25%&#8221;][et_pb_column type=&#8221;3_4&#8243; _builder_version=&#8221;4.2.2&#8243;][et_pb_text _builder_version=&#8221;4.2.2&#8243;]<\/p>\n<h3>Job Description<\/h3>\n<p>KidStar is looking for someone to help support our orders desk and outside sales team. The successful candidate for this role will have a strong command of the company&#8217;s customer service policies, be able to confidently introduce KidStar products to new and prospective accounts, and be well-trained in product knowledge that can be critical for offering quick and accurate assistance to customers.<\/p>\n<p>To start this role will be 16 to 24 hours a week. Mondays, Fridays, and one other day a week of your choice as needed, 8 am to 4 pm. As our company grows this role has the potential to become full time.\u00a0<\/p>\n<p>&nbsp;<\/p>\n<p>[\/et_pb_text][\/et_pb_column][et_pb_column type=&#8221;1_4&#8243; _builder_version=&#8221;4.2.2&#8243;][et_pb_image src=&#8221;https:\/\/kidstarnutrients.com\/wp-content\/uploads\/2019\/10\/astronaut-girl-270&#215;300.png&#8221; _builder_version=&#8221;4.2.2&#8243;][\/et_pb_image][\/et_pb_column][\/et_pb_row][et_pb_row column_structure=&#8221;1_4,3_4&#8243; _builder_version=&#8221;4.2.2&#8243; animation_style=&#8221;slide&#8221; animation_direction=&#8221;right&#8221; animation_intensity_slide=&#8221;25%&#8221;][et_pb_column type=&#8221;1_4&#8243; _builder_version=&#8221;4.2.2&#8243;][et_pb_image src=&#8221;https:\/\/kidstarnutrients.com\/wp-content\/uploads\/2019\/10\/logo-stars.png&#8221; _builder_version=&#8221;4.2.2&#8243;][\/et_pb_image][\/et_pb_column][et_pb_column type=&#8221;3_4&#8243; _builder_version=&#8221;4.2.2&#8243;][et_pb_text _builder_version=&#8221;4.2.2&#8243;]<\/p>\n<h3>Responsibilities<\/h3>\n<ul>\n<li>Answer phone calls, field questions, and transfer calls as needed. Offer efficient and comprehensive communication with customers\/retailers regarding inquiries, problem resolutions, etc.<\/li>\n<li>Support and work with our outside sales team, warehouse, and accounting departments.<\/li>\n<li>Answer product questions that come in from consumers and retailers.<\/li>\n<li>Manage and process incoming phone, email, and WooCommerce orders promptly and accurately into QuickBooks Enterprise.<\/li>\n<li>Managing our info@ inbox and ensure all emails are promptly answered.<\/li>\n<li>Cold calls and follow up with prospective accounts and secure orders.<\/li>\n<li>Update existing wholesale customers on new products, prices, and sale events.<\/li>\n<li>Ensure accounts in areas with no outside sales broker are contacted monthly.<\/li>\n<li>Enter new accounts and all relative information into QuickBooks Enterprise.<\/li>\n<li>Call existing customers to secure orders for flyers, promos, monthly specials.<\/li>\n<li>Process product returns and credits.<\/li>\n<li>Complete new tasks and jobs that arise in the role.<\/li>\n<li>Make sales calls to new and existing customers to maintain relationships and to cultivate additional business<\/li>\n<li>Update existing accounts on our new products, prices, and sale events by using QuickBooks Enterprise to track communication.<\/li>\n<\/ul>\n<p>[\/et_pb_text][\/et_pb_column][\/et_pb_row][et_pb_row column_structure=&#8221;3_4,1_4&#8243; _builder_version=&#8221;4.2.2&#8243; animation_style=&#8221;slide&#8221; animation_direction=&#8221;left&#8221; animation_intensity_slide=&#8221;25%&#8221;][et_pb_column type=&#8221;3_4&#8243; _builder_version=&#8221;4.2.2&#8243;][et_pb_text _builder_version=&#8221;4.2.2&#8243;]<\/p>\n<h3>Qualifications<\/h3>\n<ul>\n<li>At least 1 year of relevant sales experience<\/li>\n<li>At least 2 years of customer service experience<\/li>\n<li>Education or work experience in the health food, nutrition, or supplement industry an asset<\/li>\n<li>A love of selling and the ability to generate and close sales via telephone<\/li>\n<li>Ability to work as part of a collaborative team to achieve goals<\/li>\n<li>Intermediate computer experience; Microsoft Office, Excel, QuickBooks<\/li>\n<li>Experience dealing with dozens of calls per day<\/li>\n<li>Ability to multi-task, prioritize, and manage time effectively<\/li>\n<li>Strong attention to detail, is well organized and efficient<\/li>\n<li>Ability to see issues through to resolution<\/li>\n<li>Exhibits consistent good judgment in decisions and interactions<\/li>\n<li>Proactive problem-solving approach: the ability to anticipate problems before they occur and take initiative to identify and solve problems when they occur<\/li>\n<li>Transparent, honest, confident, and clear communicator both through email and over the phone<\/li>\n<li>Takes initiative without \u2018cold call\u2019 reluctance<\/li>\n<li>Fast learner, can react to changing environment<\/li>\n<\/ul>\n<p>[\/et_pb_text][\/et_pb_column][et_pb_column type=&#8221;1_4&#8243; _builder_version=&#8221;4.2.2&#8243;][et_pb_image src=&#8221;https:\/\/kidstarnutrients.com\/wp-content\/uploads\/2019\/08\/rocket.png&#8221; _builder_version=&#8221;4.2.2&#8243; width=&#8221;80%&#8221;][\/et_pb_image][\/et_pb_column][\/et_pb_row][et_pb_row column_structure=&#8221;1_4,3_4&#8243; _builder_version=&#8221;4.2.2&#8243; animation_style=&#8221;slide&#8221; animation_direction=&#8221;right&#8221; animation_intensity_slide=&#8221;25%&#8221;][et_pb_column type=&#8221;1_4&#8243; _builder_version=&#8221;4.2.2&#8243;][et_pb_image src=&#8221;https:\/\/kidstarnutrients.com\/wp-content\/uploads\/2019\/10\/astronaut-boy.png&#8221; _builder_version=&#8221;4.2.2&#8243; width=&#8221;80%&#8221; module_alignment=&#8221;center&#8221;][\/et_pb_image][\/et_pb_column][et_pb_column type=&#8221;3_4&#8243; _builder_version=&#8221;4.2.2&#8243;][et_pb_text _builder_version=&#8221;4.2.2&#8243;]<\/p>\n<h3>Compensation and Benefits<\/h3>\n<ul>\n<li>Paid sick days<\/li>\n<li>A health expense account<\/li>\n<li>Company-sponsored lunches and social events (as covid allows)<\/li>\n<li>Competitive hourly rate dependant on experience\u00a0<\/li>\n<\/ul>\n<p>[\/et_pb_text][\/et_pb_column][\/et_pb_row][et_pb_row column_structure=&#8221;3_4,1_4&#8243; _builder_version=&#8221;4.2.2&#8243; animation_style=&#8221;slide&#8221; animation_direction=&#8221;left&#8221; animation_intensity_slide=&#8221;25%&#8221;][et_pb_column type=&#8221;3_4&#8243; _builder_version=&#8221;4.2.2&#8243;][et_pb_text _builder_version=&#8221;4.2.2&#8243;]<\/p>\n<h3>To Apply<\/h3>\n<p>Email your resume\/CV and cover letter to careers@kidstarnutrients.com, with the job title in the subject line.<\/p>\n<p>[\/et_pb_text][\/et_pb_column][et_pb_column type=&#8221;1_4&#8243; _builder_version=&#8221;4.2.2&#8243;][et_pb_image src=&#8221;https:\/\/kidstarnutrients.com\/wp-content\/uploads\/2019\/08\/earth-300&#215;300.png&#8221; _builder_version=&#8221;4.2.2&#8243; width=&#8221;80%&#8221; module_alignment=&#8221;center&#8221;][\/et_pb_image][\/et_pb_column][\/et_pb_row][\/et_pb_section]<\/p>\n","protected":false},"excerpt":{"rendered":"<p>KidStar CareersCustomer Service and Inside Sales RepresentativeVancouver, BC | Part-Time KidStar Nutrients is a new, young, and fast-growing supplements company based out of East Vancouver. We are devoted to educating [&hellip;]<\/p>\n","protected":false},"author":6,"featured_media":0,"parent":41137,"menu_order":0,"comment_status":"closed","ping_status":"closed","template":"","meta":{"_et_pb_use_builder":"on","_et_pb_old_content":"","_et_gb_content_width":"","footnotes":""},"class_list":["post-41146","page","type-page","status-publish","hentry"],"yoast_head":"<!-- This site is optimized with the Yoast SEO plugin v27.4 - https:\/\/yoast.com\/product\/yoast-seo-wordpress\/ -->\n<title>Job Description Customer Service Inside Sales | Join Our Team | KidStar Nutrients<\/title>\n<meta name=\"description\" content=\"If you are passionate about health, nutrition, and healthy lifestyles, then we would love to have you join our team.Learn more about careers at KidStar.\" \/>\n<meta name=\"robots\" content=\"index, follow, max-snippet:-1, max-image-preview:large, max-video-preview:-1\" \/>\n<link rel=\"canonical\" href=\"https:\/\/kidstarnutrients.com\/fr\/carrieres\/appliquer-le-service-client-au-sein-des-ventes\/\" \/>\n<meta property=\"og:locale\" content=\"fr_CA\" \/>\n<meta property=\"og:type\" content=\"article\" \/>\n<meta property=\"og:title\" content=\"Store Locator | KidStar Nutrients\" \/>\n<meta property=\"og:description\" content=\"Local health food stores and retailers where you can purchase KidStar Nutrients\u2122 products\" \/>\n<meta property=\"og:url\" content=\"https:\/\/kidstarnutrients.com\/fr\/carrieres\/appliquer-le-service-client-au-sein-des-ventes\/\" \/>\n<meta property=\"og:site_name\" content=\"KidStar Nutrients\" \/>\n<meta property=\"article:publisher\" content=\"https:\/\/www.facebook.com\/KidStarNutrients\/\" \/>\n<meta property=\"article:modified_time\" content=\"2023-06-19T16:26:29+00:00\" \/>\n<meta property=\"og:image\" content=\"https:\/\/kidstarnutrients.com\/wp-content\/uploads\/2020\/02\/facebook-link-preview-image-with-text.jpg\" \/>\n\t<meta property=\"og:image:width\" content=\"560\" \/>\n\t<meta property=\"og:image:height\" content=\"292\" \/>\n\t<meta property=\"og:image:type\" content=\"image\/jpeg\" \/>\n<meta name=\"twitter:card\" content=\"summary_large_image\" \/>\n<meta name=\"twitter:label1\" content=\"Estimation du temps de lecture\" \/>\n\t<meta name=\"twitter:data1\" content=\"5 minutes\" \/>\n<script type=\"application\/ld+json\" class=\"yoast-schema-graph\">{\"@context\":\"https:\\\/\\\/schema.org\",\"@graph\":[{\"@type\":\"WebPage\",\"@id\":\"https:\\\/\\\/kidstarnutrients.com\\\/careers\\\/apply-customer-service-inside-sales\\\/\",\"url\":\"https:\\\/\\\/kidstarnutrients.com\\\/careers\\\/apply-customer-service-inside-sales\\\/\",\"name\":\"Job Description Customer Service Inside Sales | Join Our Team | KidStar Nutrients\",\"isPartOf\":{\"@id\":\"https:\\\/\\\/kidstarnutrients.com\\\/#website\"},\"datePublished\":\"2020-10-14T20:49:41+00:00\",\"dateModified\":\"2023-06-19T16:26:29+00:00\",\"description\":\"If you are passionate about health, nutrition, and healthy lifestyles, then we would love to have you join our team.Learn more about careers at KidStar.\",\"breadcrumb\":{\"@id\":\"https:\\\/\\\/kidstarnutrients.com\\\/careers\\\/apply-customer-service-inside-sales\\\/#breadcrumb\"},\"inLanguage\":\"fr-CA\",\"potentialAction\":[{\"@type\":\"ReadAction\",\"target\":[\"https:\\\/\\\/kidstarnutrients.com\\\/careers\\\/apply-customer-service-inside-sales\\\/\"]}]},{\"@type\":\"BreadcrumbList\",\"@id\":\"https:\\\/\\\/kidstarnutrients.com\\\/careers\\\/apply-customer-service-inside-sales\\\/#breadcrumb\",\"itemListElement\":[{\"@type\":\"ListItem\",\"position\":1,\"name\":\"Home\",\"item\":\"https:\\\/\\\/kidstarnutrients.com\\\/\"},{\"@type\":\"ListItem\",\"position\":2,\"name\":\"Careers\",\"item\":\"https:\\\/\\\/kidstarnutrients.com\\\/careers\\\/\"},{\"@type\":\"ListItem\",\"position\":3,\"name\":\"Job Description Customer Service Inside Sales\"}]},{\"@type\":\"WebSite\",\"@id\":\"https:\\\/\\\/kidstarnutrients.com\\\/#website\",\"url\":\"https:\\\/\\\/kidstarnutrients.com\\\/\",\"name\":\"KidStar Nutrients\",\"description\":\"\",\"potentialAction\":[{\"@type\":\"SearchAction\",\"target\":{\"@type\":\"EntryPoint\",\"urlTemplate\":\"https:\\\/\\\/kidstarnutrients.com\\\/?s={search_term_string}\"},\"query-input\":{\"@type\":\"PropertyValueSpecification\",\"valueRequired\":true,\"valueName\":\"search_term_string\"}}],\"inLanguage\":\"fr-CA\"}]}<\/script>\n<!-- \/ Yoast SEO plugin. -->","yoast_head_json":{"title":"Description du poste Service \u00e0 la client\u00e8le Ventes internes | Rejoignez notre \u00e9quipe | Nutriments KidStar","description":"Si vous \u00eates passionn\u00e9 par la sant\u00e9, la nutrition et les modes de vie sains, nous serions ravis que vous rejoigniez notre \u00e9quipe. Apprenez-en davantage sur les carri\u00e8res chez KidStar.","robots":{"index":"index","follow":"follow","max-snippet":"max-snippet:-1","max-image-preview":"max-image-preview:large","max-video-preview":"max-video-preview:-1"},"canonical":"https:\/\/kidstarnutrients.com\/fr\/carrieres\/appliquer-le-service-client-au-sein-des-ventes\/","og_locale":"fr_CA","og_type":"article","og_title":"Store Locator | KidStar Nutrients","og_description":"Local health food stores and retailers where you can purchase KidStar Nutrients\u2122 products","og_url":"https:\/\/kidstarnutrients.com\/fr\/carrieres\/appliquer-le-service-client-au-sein-des-ventes\/","og_site_name":"KidStar Nutrients","article_publisher":"https:\/\/www.facebook.com\/KidStarNutrients\/","article_modified_time":"2023-06-19T16:26:29+00:00","og_image":[{"width":560,"height":292,"url":"https:\/\/kidstarnutrients.com\/wp-content\/uploads\/2020\/02\/facebook-link-preview-image-with-text.jpg","type":"image\/jpeg"}],"twitter_card":"summary_large_image","twitter_misc":{"Estimation du temps de lecture":"5 minutes"},"schema":{"@context":"https:\/\/schema.org","@graph":[{"@type":"WebPage","@id":"https:\/\/kidstarnutrients.com\/careers\/apply-customer-service-inside-sales\/","url":"https:\/\/kidstarnutrients.com\/careers\/apply-customer-service-inside-sales\/","name":"Description du poste Service \u00e0 la client\u00e8le Ventes internes | Rejoignez notre \u00e9quipe | Nutriments KidStar","isPartOf":{"@id":"https:\/\/kidstarnutrients.com\/#website"},"datePublished":"2020-10-14T20:49:41+00:00","dateModified":"2023-06-19T16:26:29+00:00","description":"Si vous \u00eates passionn\u00e9 par la sant\u00e9, la nutrition et les modes de vie sains, nous serions ravis que vous rejoigniez notre \u00e9quipe. Apprenez-en davantage sur les carri\u00e8res chez KidStar.","breadcrumb":{"@id":"https:\/\/kidstarnutrients.com\/careers\/apply-customer-service-inside-sales\/#breadcrumb"},"inLanguage":"fr-CA","potentialAction":[{"@type":"ReadAction","target":["https:\/\/kidstarnutrients.com\/careers\/apply-customer-service-inside-sales\/"]}]},{"@type":"BreadcrumbList","@id":"https:\/\/kidstarnutrients.com\/careers\/apply-customer-service-inside-sales\/#breadcrumb","itemListElement":[{"@type":"ListItem","position":1,"name":"Home","item":"https:\/\/kidstarnutrients.com\/"},{"@type":"ListItem","position":2,"name":"Careers","item":"https:\/\/kidstarnutrients.com\/careers\/"},{"@type":"ListItem","position":3,"name":"Job Description Customer Service Inside Sales"}]},{"@type":"WebSite","@id":"https:\/\/kidstarnutrients.com\/#website","url":"https:\/\/kidstarnutrients.com\/","name":"Nutriments KidStar","description":"","potentialAction":[{"@type":"SearchAction","target":{"@type":"EntryPoint","urlTemplate":"https:\/\/kidstarnutrients.com\/?s={search_term_string}"},"query-input":{"@type":"PropertyValueSpecification","valueRequired":true,"valueName":"search_term_string"}}],"inLanguage":"fr-CA"}]}},"_links":{"self":[{"href":"https:\/\/kidstarnutrients.com\/fr\/wp-json\/wp\/v2\/pages\/41146","targetHints":{"allow":["GET"]}}],"collection":[{"href":"https:\/\/kidstarnutrients.com\/fr\/wp-json\/wp\/v2\/pages"}],"about":[{"href":"https:\/\/kidstarnutrients.com\/fr\/wp-json\/wp\/v2\/types\/page"}],"author":[{"embeddable":true,"href":"https:\/\/kidstarnutrients.com\/fr\/wp-json\/wp\/v2\/users\/6"}],"replies":[{"embeddable":true,"href":"https:\/\/kidstarnutrients.com\/fr\/wp-json\/wp\/v2\/comments?post=41146"}],"version-history":[{"count":0,"href":"https:\/\/kidstarnutrients.com\/fr\/wp-json\/wp\/v2\/pages\/41146\/revisions"}],"up":[{"embeddable":true,"href":"https:\/\/kidstarnutrients.com\/fr\/wp-json\/wp\/v2\/pages\/41137"}],"wp:attachment":[{"href":"https:\/\/kidstarnutrients.com\/fr\/wp-json\/wp\/v2\/media?parent=41146"}],"curies":[{"name":"wp","href":"https:\/\/api.w.org\/{rel}","templated":true}]}}