{"id":45250,"date":"2023-08-23T11:47:51","date_gmt":"2023-08-23T18:47:51","guid":{"rendered":"https:\/\/kidstarnutrients.com\/?page_id=45250"},"modified":"2023-09-05T13:28:24","modified_gmt":"2023-09-05T20:28:24","slug":"video-quest-ce-que-moducare-patrick-bouic","status":"publish","type":"page","link":"https:\/\/kidstarnutrients.com\/fr\/videos\/video-what-is-moducare-patrick-bouic\/","title":{"rendered":"Vid\u00e9o Qu&#039;est-ce que Moducare avec le Pr Patrick Bouic"},"content":{"rendered":"<p>[et_pb_section fb_built=&#8221;1&#8243; _builder_version=&#8221;3.22.7&#8243;][et_pb_row _builder_version=&#8221;3.29.2&#8243; custom_margin=&#8221;0px||||false|false&#8221; custom_padding=&#8221;0px||||false|false&#8221;][et_pb_column type=&#8221;4_4&#8243; _builder_version=&#8221;3.29.2&#8243;][et_pb_text _builder_version=&#8221;4.2.2&#8243; header_font=&#8221;||||||||&#8221; header_text_align=&#8221;center&#8221;]<\/p>\n<h1>Video: What is Moducare\u00ae?<\/h1>\n<p>[\/et_pb_text][\/et_pb_column][\/et_pb_row][et_pb_row column_structure=&#8221;3_5,2_5&#8243; _builder_version=&#8221;3.29.2&#8243;][et_pb_column type=&#8221;3_5&#8243; _builder_version=&#8221;3.29.2&#8243;][et_pb_video src=&#8221;https:\/\/www.youtube.com\/watch?v=Cq98yo7hMRM&#8221; thumbnail_overlay_color=&#8221;rgba(0,0,0,0.6)&#8221; _builder_version=&#8221;4.2.2&#8243; border_radii=&#8221;on|30px|30px|30px|30px&#8221;][\/et_pb_video][\/et_pb_column][et_pb_column type=&#8221;2_5&#8243; _builder_version=&#8221;3.29.2&#8243;][et_pb_text _builder_version=&#8221;4.2.2&#8243;]<\/p>\n<p>Moducare\u00ae is a daily immune support supplement.<\/p>\n<p>Learn more about Moducare with Prof Patrick Bouic, who has been involved in the clinical research of Moducare related to various immune illnesses and disorders.<\/p>\n<p>[\/et_pb_text][\/et_pb_column][\/et_pb_row][et_pb_row disabled_on=&#8221;on|on|on&#8221; _builder_version=&#8221;4.2.2&#8243; background_color=&#8221;#aadb1e&#8221; custom_margin=&#8221;||10px||false|false&#8221; border_radii=&#8221;on|30px|30px|30px|30px&#8221; disabled=&#8221;on&#8221;][et_pb_column type=&#8221;4_4&#8243; _builder_version=&#8221;3.29.2&#8243;][et_pb_text _builder_version=&#8221;4.2.2&#8243; header_3_text_align=&#8221;center&#8221; header_3_text_color=&#8221;#e63888&#8243; background_color=&#8221;#aadb1e&#8221; custom_margin=&#8221;0px||-1px||false|false&#8221; custom_padding=&#8221;7px|25px|7px|25px|true|true&#8221; border_radii=&#8221;on|30px|30px|30px|30px&#8221;]<\/p>\n<h3>KidStar\u00ae BioFe\u00ae Iron<\/h3>\n<p><a href=\"https:\/\/kidstarnutrients.com\/ingredients-matter\/star-ingredients\/iron\/\" target=\"_blank\" rel=\"noopener noreferrer\">KidStar\u00ae\u00a0BioFe\u00ae<\/a> is gentle and will not upset sensitive stomachs or stain teeth like common iron supplements. BioFe+ Iron Liquid is safe for the whole family, from infancy to adulthood.<\/p>\n<p>The iron in BioFe is micronized and microencapsulated, protecting you from the side effects of iron, like constipation, tummy upset, and grey teeth. Microencapsulation also allows BioFe iron to be taken at the same time as foods and nutrients containing calcium.<\/p>\n<p>Like all KidStar nutrients, our iron supplements do not contain sugar, artificial colours, artificial sweeteners and artificial flavours, soy, gluten and GMOs. KidStar BioFe Iron is available in a <a href=\"https:\/\/kidstarnutrients.com\/product\/biofe-iron-liquid\/\" target=\"_blank\" rel=\"noopener noreferrer\">tasty liquid<\/a>, unflavoured <a href=\"https:\/\/kidstarnutrients.com\/product\/biofe-pure-iron-drops\/\" target=\"_blank\" rel=\"noopener noreferrer\">liquid drops<\/a> and a tiny <a href=\"https:\/\/kidstarnutrients.com\/product\/biofe-chewable-iron\/\" target=\"_blank\" rel=\"noopener noreferrer\">chewable tablet<\/a>.<\/p>\n<p style=\"text-align: center\"><img loading=\"lazy\" decoding=\"async\" class=\"wp-image-31057 alignnone size-full\" src=\"https:\/\/kidstarnutrients.com\/wp-content\/uploads\/2019\/09\/yellow-star.png\" alt=\"\" width=\"30\" height=\"31\" srcset=\"https:\/\/kidstarnutrients.com\/wp-content\/uploads\/2019\/09\/yellow-star.png 109w, https:\/\/kidstarnutrients.com\/wp-content\/uploads\/2019\/09\/yellow-star-100x100.png 100w\" sizes=\"auto, (max-width: 30px) 100vw, 30px\" \/><\/p>\n<p>[\/et_pb_text][et_pb_button button_url=&#8221;https:\/\/kidstarnutrients.com\/product-category\/biofe-iron\/&#8221; url_new_window=&#8221;on&#8221; button_text=&#8221;Buy now&#8221; button_alignment=&#8221;center&#8221; _builder_version=&#8221;4.2.2&#8243;][\/et_pb_button][\/et_pb_column][\/et_pb_row][et_pb_row _builder_version=&#8221;3.29.2&#8243; custom_padding=&#8221;||0px||false|false&#8221;][et_pb_column type=&#8221;4_4&#8243; _builder_version=&#8221;3.29.2&#8243;][et_pb_text _builder_version=&#8221;4.2.2&#8243; text_font=&#8221;||||||||&#8221; header_font=&#8221;||||||||&#8221; header_2_font=&#8221;||||||||&#8221; header_2_text_align=&#8221;center&#8221; custom_padding=&#8221;||12px|||&#8221;]<\/p>\n<h3 style=\"text-align: center;\">Find immune support products here<\/h3>\n<p>[\/et_pb_text][\/et_pb_column][\/et_pb_row][et_pb_row column_structure=&#8221;1_3,1_3,1_3&#8243; use_custom_gutter=&#8221;on&#8221; gutter_width=&#8221;1&#8243; make_equal=&#8221;on&#8221; _builder_version=&#8221;3.29.2&#8243; locked=&#8221;off&#8221;][et_pb_column type=&#8221;1_3&#8243; _builder_version=&#8221;4.2.2&#8243;][et_pb_text _builder_version=&#8221;4.2.2&#8243; _dynamic_attributes=&#8221;link_option_url&#8221; text_text_color=&#8221;rgba(0,0,0,0)&#8221; background_image=&#8221;https:\/\/kidstarnutrients.com\/wp-content\/uploads\/2021\/07\/Moducare-Grape-Chew-V0-071221_ecomm.png&#8221; background_size=&#8221;contain&#8221; text_orientation=&#8221;center&#8221; min_height=&#8221;250px&#8221; custom_margin=&#8221;|40px|11px|40px|false|true&#8221; custom_padding=&#8221;10px|10px|10px|10px|true|true&#8221; link_option_url=&#8221;@ET-DC@eyJkeW5hbWljIjp0cnVlLCJjb250ZW50IjoicG9zdF9saW5rX3VybF9wcm9kdWN0Iiwic2V0dGluZ3MiOnsicG9zdF9pZCI6IjQyMDMwIn19@&#8221; hover_enabled=&#8221;0&#8243; border_radii=&#8221;on|30px|30px|30px|30px&#8221; text_font_size__hover_enabled=&#8221;off|desktop&#8221; text_text_color__hover_enabled=&#8221;on|hover&#8221; text_text_color__hover=&#8221;#ffffff&#8221; background__hover_enabled=&#8221;on|hover&#8221; background_color__hover=&#8221;#8031a7&#8243; background_enable_color__hover=&#8221;on&#8221; background_enable_image__hover=&#8221;off&#8221;]<\/p>\n<p>&nbsp;<\/p>\n<p>Helps support a healthy immiune system balance, in a delicious chewable tablet flavoured with natural grape.<\/p>\n<p>[\/et_pb_text][et_pb_text _builder_version=&#8221;4.2.2&#8243; text_font=&#8221;|600|||||||&#8221; text_orientation=&#8221;center&#8221; custom_margin=&#8221;0px||0px||false|false&#8221; link_option_url=&#8221;@ET-DC@eyJkeW5hbWljIjp0cnVlLCJjb250ZW50IjoicG9zdF9saW5rX3VybF9wcm9kdWN0Iiwic2V0dGluZ3MiOnsicG9zdF9pZCI6IjQyMDMwIn19@&#8221; hover_enabled=&#8221;0&#8243; _dynamic_attributes=&#8221;link_option_url&#8221;]<\/p>\n<p>Moducare\u00ae Grape Chewable<\/p>\n<p>[\/et_pb_text][et_pb_wc_price product=&#8221;42030&#8243; _builder_version=&#8221;4.2.2&#8243; body_font_size=&#8221;14px&#8221; body_line_height=&#8221;1em&#8221; sale_price_text_color=&#8221;#e4002b&#8221; text_orientation=&#8221;center&#8221; custom_margin=&#8221;5px||||false|false&#8221; hover_enabled=&#8221;0&#8243; custom_padding__hover_enabled=&#8221;off|desktop&#8221;][\/et_pb_wc_price][et_pb_wc_rating product=&#8221;42030&#8243; show_reviews_link=&#8221;off&#8221; _builder_version=&#8221;4.2.2&#8243; rating_text_align=&#8221;center&#8221; hover_enabled=&#8221;0&#8243;][\/et_pb_wc_rating][\/et_pb_column][et_pb_column type=&#8221;1_3&#8243; _builder_version=&#8221;3.29.2&#8243;][et_pb_text _builder_version=&#8221;4.2.2&#8243; _dynamic_attributes=&#8221;link_option_url&#8221; text_text_color=&#8221;rgba(0,0,0,0)&#8221; background_image=&#8221;https:\/\/kidstarnutrients.com\/wp-content\/uploads\/2022\/06\/KidStar-Immunity-Plus-Bundle_062322.png&#8221; background_size=&#8221;contain&#8221; text_orientation=&#8221;center&#8221; module_alignment=&#8221;center&#8221; min_height=&#8221;250px&#8221; custom_margin=&#8221;0px|40px|11px|40px|false|true&#8221; custom_margin_tablet=&#8221;&#8221; custom_margin_phone=&#8221;20px|40px|11px|40px|false|true&#8221; custom_margin_last_edited=&#8221;on|phone&#8221; custom_padding=&#8221;10px|10px|10px|10px|true|true&#8221; link_option_url=&#8221;@ET-DC@eyJkeW5hbWljIjp0cnVlLCJjb250ZW50IjoicG9zdF9saW5rX3VybF9wcm9kdWN0Iiwic2V0dGluZ3MiOnsicG9zdF9pZCI6IjQzNzMxIn19@&#8221; border_radii=&#8221;on|30px|30px|30px|30px&#8221; content__hover_enabled=&#8221;off|hover&#8221; content__hover=&#8221; Pure iron micronized and microencapsulated for maximum absorption and minimal side effects &#8221; background__hover_enabled=&#8221;on|hover&#8221; background_color__hover=&#8221;#00afd7&#8243; background_enable_color__hover=&#8221;on&#8221; background_enable_image__hover=&#8221;off&#8221; text_text_color__hover_enabled=&#8221;on|hover&#8221; text_text_color__hover=&#8221;#ffffff&#8221;]<\/p>\n<p>&nbsp;<\/p>\n<p>Support your immune system with amazing and delicious nutrients, plus iron!<\/p>\n<p>[\/et_pb_text][et_pb_text _builder_version=&#8221;4.2.2&#8243; _dynamic_attributes=&#8221;link_option_url&#8221; text_font=&#8221;|600|||||||&#8221; text_orientation=&#8221;center&#8221; custom_margin=&#8221;0px||0px||false|false&#8221; custom_padding=&#8221;0px||0px||false|false&#8221; link_option_url=&#8221;@ET-DC@eyJkeW5hbWljIjp0cnVlLCJjb250ZW50IjoicG9zdF9saW5rX3VybF9wcm9kdWN0Iiwic2V0dGluZ3MiOnsicG9zdF9pZCI6IjQzNzMxIn19@&#8221;]<\/p>\n<p>Immunity+ Bundle<\/p>\n<p>[\/et_pb_text][et_pb_wc_price product=&#8221;43731&#8243; _builder_version=&#8221;4.2.2&#8243; body_font_size=&#8221;14px&#8221; body_line_height=&#8221;1em&#8221; sale_price_text_color=&#8221;#e4002b&#8221; text_orientation=&#8221;center&#8221; custom_margin=&#8221;5px||||false|false&#8221;][\/et_pb_wc_price][et_pb_text _builder_version=&#8221;4.2.2&#8243; text_text_color=&#8221;#d0006f&#8221; text_font_size=&#8221;14px&#8221; text_orientation=&#8221;center&#8221; custom_margin=&#8221;0px||0px||false|false&#8221; custom_padding=&#8221;0px||0px||false|false&#8221; locked=&#8221;off&#8221;](Save 15%) [\/et_pb_text][et_pb_wc_rating product=&#8221;41894&#8243; show_reviews_link=&#8221;off&#8221; disabled_on=&#8221;on|on|on&#8221; _builder_version=&#8221;4.2.2&#8243; rating_text_align=&#8221;center&#8221; disabled=&#8221;on&#8221;][\/et_pb_wc_rating][\/et_pb_column][et_pb_column type=&#8221;1_3&#8243; _builder_version=&#8221;3.29.2&#8243;][et_pb_text _builder_version=&#8221;4.2.2&#8243; _dynamic_attributes=&#8221;link_option_url&#8221; text_text_color=&#8221;rgba(0,0,0,0)&#8221; background_image=&#8221;https:\/\/kidstarnutrients.com\/wp-content\/uploads\/2021\/07\/Moducare-90-V0-071221-ecomm.png&#8221; background_size=&#8221;contain&#8221; text_orientation=&#8221;center&#8221; module_alignment=&#8221;center&#8221; min_height=&#8221;250px&#8221; custom_margin=&#8221;0px|40px|11px|40px|false|true&#8221; custom_margin_tablet=&#8221;&#8221; custom_margin_phone=&#8221;20px|40px|11px|40px|false|true&#8221; custom_margin_last_edited=&#8221;on|phone&#8221; custom_padding=&#8221;10px|10px|10px|10px|true|true&#8221; link_option_url=&#8221;@ET-DC@eyJkeW5hbWljIjp0cnVlLCJjb250ZW50IjoicG9zdF9saW5rX3VybF9wcm9kdWN0Iiwic2V0dGluZ3MiOnsicG9zdF9pZCI6IjQyMDM0In19@&#8221; border_radii=&#8221;on|30px|30px|30px|30px&#8221; content__hover_enabled=&#8221;off|hover&#8221; content__hover=&#8221; Pure iron micronized and microencapsulated for maximum absorption and minimal side effects &#8221; background__hover_enabled=&#8221;on|hover&#8221; background_color__hover=&#8221;#aadb1e&#8221; background_enable_color__hover=&#8221;on&#8221; background_enable_image__hover=&#8221;off&#8221; text_text_color__hover_enabled=&#8221;on|hover&#8221; text_text_color__hover=&#8221;#ffffff&#8221;]<\/p>\n<p>&nbsp;<\/p>\n<p>Helps support a healthy immune system balance, in a vegetarian capsule.<\/p>\n<p>[\/et_pb_text][et_pb_text _builder_version=&#8221;4.2.2&#8243; _dynamic_attributes=&#8221;link_option_url&#8221; text_font=&#8221;|600|||||||&#8221; text_orientation=&#8221;center&#8221; custom_margin=&#8221;0px||0px||false|false&#8221; custom_padding=&#8221;0px||0px||false|false&#8221; link_option_url=&#8221;@ET-DC@eyJkeW5hbWljIjp0cnVlLCJjb250ZW50IjoicG9zdF9saW5rX3VybF9wcm9kdWN0Iiwic2V0dGluZ3MiOnsicG9zdF9pZCI6IjQyMDM0In19@&#8221;]<\/p>\n<p>Moducare\u00ae Capsules<\/p>\n<p>[\/et_pb_text][et_pb_wc_price product=&#8221;42034&#8243; _builder_version=&#8221;4.2.2&#8243; _dynamic_attributes=&#8221;link_option_url&#8221; body_font_size=&#8221;14px&#8221; body_line_height=&#8221;1em&#8221; sale_price_text_color=&#8221;#e4002b&#8221; text_orientation=&#8221;center&#8221; custom_margin=&#8221;5px||||false|false&#8221; link_option_url=&#8221;@ET-DC@eyJkeW5hbWljIjp0cnVlLCJjb250ZW50IjoicG9zdF9saW5rX3VybF9wcm9kdWN0Iiwic2V0dGluZ3MiOnsicG9zdF9pZCI6IjQyMDM0In19@&#8221;][\/et_pb_wc_price][et_pb_wc_rating product=&#8221;42034&#8243; show_reviews_link=&#8221;off&#8221; _builder_version=&#8221;4.2.2&#8243; rating_text_align=&#8221;center&#8221;][\/et_pb_wc_rating][\/et_pb_column][\/et_pb_row][\/et_pb_section]<\/p>\n","protected":false},"excerpt":{"rendered":"<p>Video: What is Moducare\u00ae?Moducare\u00ae is a daily immune support supplement. Learn more about Moducare with Prof Patrick Bouic, who has been involved in the clinical research of Moducare related to [&hellip;]<\/p>\n","protected":false},"author":6,"featured_media":45242,"parent":45229,"menu_order":0,"comment_status":"closed","ping_status":"closed","template":"","meta":{"_et_pb_use_builder":"on","_et_pb_old_content":"","_et_gb_content_width":"","footnotes":""},"class_list":["post-45250","page","type-page","status-publish","has-post-thumbnail","hentry"],"yoast_head":"<!-- This site is optimized with the Yoast SEO plugin v27.3 - https:\/\/yoast.com\/product\/yoast-seo-wordpress\/ -->\n<title>What is Moducare<\/title>\n<meta name=\"description\" content=\"Moducare is a daily immune support supplement. Watch Prof Patrick Bouic talk through some of the clinical research related to Moducare.\" \/>\n<meta name=\"robots\" content=\"index, follow, max-snippet:-1, max-image-preview:large, max-video-preview:-1\" \/>\n<link rel=\"canonical\" href=\"https:\/\/kidstarnutrients.com\/fr\/videos\/video-quest-ce-que-moducare-patrick-bouic\/\" \/>\n<meta property=\"og:locale\" content=\"fr_CA\" \/>\n<meta property=\"og:type\" content=\"article\" \/>\n<meta property=\"og:title\" content=\"Is Too Much Iron Dangerous?\" \/>\n<meta property=\"og:description\" content=\"Iron is an essential nutrient that is needed at all life stages, but how much iron is too much? Learn more about iron...\" \/>\n<meta property=\"og:url\" content=\"https:\/\/kidstarnutrients.com\/fr\/videos\/video-quest-ce-que-moducare-patrick-bouic\/\" \/>\n<meta property=\"og:site_name\" content=\"KidStar Nutrients\" \/>\n<meta property=\"article:publisher\" content=\"https:\/\/www.facebook.com\/KidStarNutrients\/\" \/>\n<meta property=\"article:modified_time\" content=\"2023-09-05T20:28:24+00:00\" \/>\n<meta property=\"og:image\" content=\"https:\/\/kidstarnutrients.com\/wp-content\/uploads\/2023\/03\/girl-biting-fingers-blue-floral-dress_1189462978.jpg\" \/>\n\t<meta property=\"og:image:width\" content=\"2048\" \/>\n\t<meta property=\"og:image:height\" content=\"1365\" \/>\n\t<meta property=\"og:image:type\" content=\"image\/jpeg\" \/>\n<meta name=\"twitter:card\" content=\"summary_large_image\" \/>\n<meta name=\"twitter:title\" content=\"How Much Iron is Too Much?\" \/>\n<meta name=\"twitter:description\" content=\"Iron is an essential nutrient that is needed at all life stages, but how much iron is too much? Learn more about iron...\" \/>\n<meta name=\"twitter:image\" content=\"https:\/\/kidstarnutrients.com\/wp-content\/uploads\/2023\/03\/girl-biting-fingers-blue-floral-dress_1189462978.jpg\" \/>\n<meta name=\"twitter:label1\" content=\"Estimation du temps de lecture\" \/>\n\t<meta name=\"twitter:data1\" content=\"3 minutes\" \/>\n<script type=\"application\/ld+json\" class=\"yoast-schema-graph\">{\"@context\":\"https:\\\/\\\/schema.org\",\"@graph\":[{\"@type\":\"WebPage\",\"@id\":\"https:\\\/\\\/kidstarnutrients.com\\\/videos\\\/video-what-is-moducare-patrick-bouic\\\/\",\"url\":\"https:\\\/\\\/kidstarnutrients.com\\\/videos\\\/video-what-is-moducare-patrick-bouic\\\/\",\"name\":\"What is Moducare\",\"isPartOf\":{\"@id\":\"https:\\\/\\\/kidstarnutrients.com\\\/#website\"},\"primaryImageOfPage\":{\"@id\":\"https:\\\/\\\/kidstarnutrients.com\\\/videos\\\/video-what-is-moducare-patrick-bouic\\\/#primaryimage\"},\"image\":{\"@id\":\"https:\\\/\\\/kidstarnutrients.com\\\/videos\\\/video-what-is-moducare-patrick-bouic\\\/#primaryimage\"},\"thumbnailUrl\":\"https:\\\/\\\/kidstarnutrients.com\\\/wp-content\\\/uploads\\\/2023\\\/08\\\/YT-Thumb_Moducare-Patrick-Bouic.png\",\"datePublished\":\"2023-08-23T18:47:51+00:00\",\"dateModified\":\"2023-09-05T20:28:24+00:00\",\"description\":\"Moducare is a daily immune support supplement. Watch Prof Patrick Bouic talk through some of the clinical research related to Moducare.\",\"breadcrumb\":{\"@id\":\"https:\\\/\\\/kidstarnutrients.com\\\/videos\\\/video-what-is-moducare-patrick-bouic\\\/#breadcrumb\"},\"inLanguage\":\"fr-CA\",\"potentialAction\":[{\"@type\":\"ReadAction\",\"target\":[\"https:\\\/\\\/kidstarnutrients.com\\\/videos\\\/video-what-is-moducare-patrick-bouic\\\/\"]}]},{\"@type\":\"ImageObject\",\"inLanguage\":\"fr-CA\",\"@id\":\"https:\\\/\\\/kidstarnutrients.com\\\/videos\\\/video-what-is-moducare-patrick-bouic\\\/#primaryimage\",\"url\":\"https:\\\/\\\/kidstarnutrients.com\\\/wp-content\\\/uploads\\\/2023\\\/08\\\/YT-Thumb_Moducare-Patrick-Bouic.png\",\"contentUrl\":\"https:\\\/\\\/kidstarnutrients.com\\\/wp-content\\\/uploads\\\/2023\\\/08\\\/YT-Thumb_Moducare-Patrick-Bouic.png\",\"width\":1280,\"height\":720},{\"@type\":\"BreadcrumbList\",\"@id\":\"https:\\\/\\\/kidstarnutrients.com\\\/videos\\\/video-what-is-moducare-patrick-bouic\\\/#breadcrumb\",\"itemListElement\":[{\"@type\":\"ListItem\",\"position\":1,\"name\":\"Home\",\"item\":\"https:\\\/\\\/kidstarnutrients.com\\\/\"},{\"@type\":\"ListItem\",\"position\":2,\"name\":\"Videos\",\"item\":\"https:\\\/\\\/kidstarnutrients.com\\\/videos\\\/\"},{\"@type\":\"ListItem\",\"position\":3,\"name\":\"Video What is Moducare with Prof Patrick Bouic\"}]},{\"@type\":\"WebSite\",\"@id\":\"https:\\\/\\\/kidstarnutrients.com\\\/#website\",\"url\":\"https:\\\/\\\/kidstarnutrients.com\\\/\",\"name\":\"KidStar Nutrients\",\"description\":\"\",\"potentialAction\":[{\"@type\":\"SearchAction\",\"target\":{\"@type\":\"EntryPoint\",\"urlTemplate\":\"https:\\\/\\\/kidstarnutrients.com\\\/?s={search_term_string}\"},\"query-input\":{\"@type\":\"PropertyValueSpecification\",\"valueRequired\":true,\"valueName\":\"search_term_string\"}}],\"inLanguage\":\"fr-CA\"}]}<\/script>\n<!-- \/ Yoast SEO plugin. -->","yoast_head_json":{"title":"Qu&#039;est-ce que Moducare","description":"Moducare est un suppl\u00e9ment quotidien de soutien immunitaire. Regardez le professeur Patrick Bouic parler de certaines recherches cliniques li\u00e9es \u00e0 Moducare.","robots":{"index":"index","follow":"follow","max-snippet":"max-snippet:-1","max-image-preview":"max-image-preview:large","max-video-preview":"max-video-preview:-1"},"canonical":"https:\/\/kidstarnutrients.com\/fr\/videos\/video-quest-ce-que-moducare-patrick-bouic\/","og_locale":"fr_CA","og_type":"article","og_title":"Is Too Much Iron Dangerous?","og_description":"Iron is an essential nutrient that is needed at all life stages, but how much iron is too much? Learn more about iron...","og_url":"https:\/\/kidstarnutrients.com\/fr\/videos\/video-quest-ce-que-moducare-patrick-bouic\/","og_site_name":"KidStar Nutrients","article_publisher":"https:\/\/www.facebook.com\/KidStarNutrients\/","article_modified_time":"2023-09-05T20:28:24+00:00","og_image":[{"width":2048,"height":1365,"url":"https:\/\/kidstarnutrients.com\/wp-content\/uploads\/2023\/03\/girl-biting-fingers-blue-floral-dress_1189462978.jpg","type":"image\/jpeg"}],"twitter_card":"summary_large_image","twitter_title":"How Much Iron is Too Much?","twitter_description":"Iron is an essential nutrient that is needed at all life stages, but how much iron is too much? Learn more about iron...","twitter_image":"https:\/\/kidstarnutrients.com\/wp-content\/uploads\/2023\/03\/girl-biting-fingers-blue-floral-dress_1189462978.jpg","twitter_misc":{"Estimation du temps de lecture":"3 minutes"},"schema":{"@context":"https:\/\/schema.org","@graph":[{"@type":"WebPage","@id":"https:\/\/kidstarnutrients.com\/videos\/video-what-is-moducare-patrick-bouic\/","url":"https:\/\/kidstarnutrients.com\/videos\/video-what-is-moducare-patrick-bouic\/","name":"Qu&#039;est-ce que Moducare","isPartOf":{"@id":"https:\/\/kidstarnutrients.com\/#website"},"primaryImageOfPage":{"@id":"https:\/\/kidstarnutrients.com\/videos\/video-what-is-moducare-patrick-bouic\/#primaryimage"},"image":{"@id":"https:\/\/kidstarnutrients.com\/videos\/video-what-is-moducare-patrick-bouic\/#primaryimage"},"thumbnailUrl":"https:\/\/kidstarnutrients.com\/wp-content\/uploads\/2023\/08\/YT-Thumb_Moducare-Patrick-Bouic.png","datePublished":"2023-08-23T18:47:51+00:00","dateModified":"2023-09-05T20:28:24+00:00","description":"Moducare est un suppl\u00e9ment quotidien de soutien immunitaire. Regardez le professeur Patrick Bouic parler de certaines recherches cliniques li\u00e9es \u00e0 Moducare.","breadcrumb":{"@id":"https:\/\/kidstarnutrients.com\/videos\/video-what-is-moducare-patrick-bouic\/#breadcrumb"},"inLanguage":"fr-CA","potentialAction":[{"@type":"ReadAction","target":["https:\/\/kidstarnutrients.com\/videos\/video-what-is-moducare-patrick-bouic\/"]}]},{"@type":"ImageObject","inLanguage":"fr-CA","@id":"https:\/\/kidstarnutrients.com\/videos\/video-what-is-moducare-patrick-bouic\/#primaryimage","url":"https:\/\/kidstarnutrients.com\/wp-content\/uploads\/2023\/08\/YT-Thumb_Moducare-Patrick-Bouic.png","contentUrl":"https:\/\/kidstarnutrients.com\/wp-content\/uploads\/2023\/08\/YT-Thumb_Moducare-Patrick-Bouic.png","width":1280,"height":720},{"@type":"BreadcrumbList","@id":"https:\/\/kidstarnutrients.com\/videos\/video-what-is-moducare-patrick-bouic\/#breadcrumb","itemListElement":[{"@type":"ListItem","position":1,"name":"Home","item":"https:\/\/kidstarnutrients.com\/"},{"@type":"ListItem","position":2,"name":"Videos","item":"https:\/\/kidstarnutrients.com\/videos\/"},{"@type":"ListItem","position":3,"name":"Video What is Moducare with Prof Patrick Bouic"}]},{"@type":"WebSite","@id":"https:\/\/kidstarnutrients.com\/#website","url":"https:\/\/kidstarnutrients.com\/","name":"Nutriments KidStar","description":"","potentialAction":[{"@type":"SearchAction","target":{"@type":"EntryPoint","urlTemplate":"https:\/\/kidstarnutrients.com\/?s={search_term_string}"},"query-input":{"@type":"PropertyValueSpecification","valueRequired":true,"valueName":"search_term_string"}}],"inLanguage":"fr-CA"}]}},"_links":{"self":[{"href":"https:\/\/kidstarnutrients.com\/fr\/wp-json\/wp\/v2\/pages\/45250","targetHints":{"allow":["GET"]}}],"collection":[{"href":"https:\/\/kidstarnutrients.com\/fr\/wp-json\/wp\/v2\/pages"}],"about":[{"href":"https:\/\/kidstarnutrients.com\/fr\/wp-json\/wp\/v2\/types\/page"}],"author":[{"embeddable":true,"href":"https:\/\/kidstarnutrients.com\/fr\/wp-json\/wp\/v2\/users\/6"}],"replies":[{"embeddable":true,"href":"https:\/\/kidstarnutrients.com\/fr\/wp-json\/wp\/v2\/comments?post=45250"}],"version-history":[{"count":0,"href":"https:\/\/kidstarnutrients.com\/fr\/wp-json\/wp\/v2\/pages\/45250\/revisions"}],"up":[{"embeddable":true,"href":"https:\/\/kidstarnutrients.com\/fr\/wp-json\/wp\/v2\/pages\/45229"}],"wp:featuredmedia":[{"embeddable":true,"href":"https:\/\/kidstarnutrients.com\/fr\/wp-json\/wp\/v2\/media\/45242"}],"wp:attachment":[{"href":"https:\/\/kidstarnutrients.com\/fr\/wp-json\/wp\/v2\/media?parent=45250"}],"curies":[{"name":"wp","href":"https:\/\/api.w.org\/{rel}","templated":true}]}}